{"id":9676,"date":"2017-08-04T19:16:04","date_gmt":"2017-08-04T19:16:04","guid":{"rendered":"https:\/\/krups.ca\/fr\/?page_id=9676"},"modified":"2017-09-15T14:08:49","modified_gmt":"2017-09-15T14:08:49","slug":"frequently-asked-questions","status":"publish","type":"page","link":"https:\/\/krups.ca\/fr\/frequently-asked-questions\/","title":{"rendered":"FOIRE AUX QUESTIONS"},"content":{"rendered":"<p>[vc_row row_type=\u00a0\u00bbrow\u00a0\u00bb use_row_as_full_screen_section=\u00a0\u00bbno\u00a0\u00bb type=\u00a0\u00bbfull_width\u00a0\u00bb angled_section=\u00a0\u00bbno\u00a0\u00bb text_align=\u00a0\u00bbleft\u00a0\u00bb background_image_as_pattern=\u00a0\u00bbwithout_pattern\u00a0\u00bb background_color=\u00a0\u00bb#ffffff\u00a0\u00bb padding_top=\u00a0\u00bb40&Prime; padding_bottom=\u00a0\u00bb40&Prime; css_animation=\u00a0\u00bb\u00a0\u00bb css=\u00a0\u00bb.vc_custom_1501160473797{margin-top: -30px !important;padding-top: 10px !important;padding-bottom: 20px !important;}\u00a0\u00bb][vc_column][vc_row_inner row_type=\u00a0\u00bbrow\u00a0\u00bb type=\u00a0\u00bbfull_width\u00a0\u00bb text_align=\u00a0\u00bbleft\u00a0\u00bb css_animation=\u00a0\u00bb\u00a0\u00bb css=\u00a0\u00bb.vc_custom_1501094513953{padding-right: 60px !important;padding-left: 60px !important;}\u00a0\u00bb][vc_column_inner][vc_column_text]<\/p>\n<p style=\"text-align: center;\">Veuillez s\u00e9lectionner une cat\u00e9gorie ou sous-cat\u00e9gorie en cliquant sur une des images ci-dessous.<\/p>\n<p>[\/vc_column_text][\/vc_column_inner][\/vc_row_inner][\/vc_column][\/vc_row][vc_row row_type=\u00a0\u00bbrow\u00a0\u00bb use_row_as_full_screen_section=\u00a0\u00bbno\u00a0\u00bb type=\u00a0\u00bbfull_width\u00a0\u00bb angled_section=\u00a0\u00bbno\u00a0\u00bb text_align=\u00a0\u00bbleft\u00a0\u00bb background_image_as_pattern=\u00a0\u00bbwithout_pattern\u00a0\u00bb padding_top=\u00a0\u00bb40&Prime; padding_bottom=\u00a0\u00bb40&Prime; css_animation=\u00a0\u00bb\u00a0\u00bb][vc_column][vc_row_inner row_type=\u00a0\u00bbrow\u00a0\u00bb type=\u00a0\u00bbfull_width\u00a0\u00bb text_align=\u00a0\u00bbleft\u00a0\u00bb css_animation=\u00a0\u00bb\u00a0\u00bb css=\u00a0\u00bb.vc_custom_1501160508887{padding-right: 0px !important;padding-left: 0px !important;}\u00a0\u00bb][vc_column_inner][vc_column_text]<div class=\"faq_lists clearfix\"><div class=\"faq_lists_inner\"><\/div><\/div>[\/vc_column_text][\/vc_column_inner][\/vc_row_inner][\/vc_column][\/vc_row]<\/p>\n","protected":false},"excerpt":{"rendered":"<p>[vc_row row_type=\u00a0\u00bbrow\u00a0\u00bb use_row_as_full_screen_section=\u00a0\u00bbno\u00a0\u00bb type=\u00a0\u00bbfull_width\u00a0\u00bb angled_section=\u00a0\u00bbno\u00a0\u00bb text_align=\u00a0\u00bbleft\u00a0\u00bb background_image_as_pattern=\u00a0\u00bbwithout_pattern\u00a0\u00bb background_color=\u00a0\u00bb#ffffff\u00a0\u00bb padding_top=\u00a0\u00bb40&Prime; padding_bottom=\u00a0\u00bb40&Prime; css_animation=\u00a0\u00bb\u00a0\u00bb css=\u00a0\u00bb.vc_custom_1501160473797{margin-top: -30px !important;padding-top: 10px !important;padding-bottom: 20px !important;}\u00a0\u00bb][vc_column][vc_row_inner row_type=\u00a0\u00bbrow\u00a0\u00bb type=\u00a0\u00bbfull_width\u00a0\u00bb text_align=\u00a0\u00bbleft\u00a0\u00bb css_animation=\u00a0\u00bb\u00a0\u00bb css=\u00a0\u00bb.vc_custom_1501094513953{padding-right: 60px !important;padding-left: 60px !important;}\u00a0\u00bb][vc_column_inner][vc_column_text] Veuillez s\u00e9lectionner une cat\u00e9gorie ou sous-cat\u00e9gorie en cliquant sur une des images ci-dessous. [\/vc_column_text][\/vc_column_inner][\/vc_row_inner][\/vc_column][\/vc_row][vc_row row_type=\u00a0\u00bbrow\u00a0\u00bb use_row_as_full_screen_section=\u00a0\u00bbno\u00a0\u00bb type=\u00a0\u00bbfull_width\u00a0\u00bb angled_section=\u00a0\u00bbno\u00a0\u00bb&#8230;<\/p>\n","protected":false},"author":1,"featured_media":0,"parent":0,"menu_order":2,"comment_status":"closed","ping_status":"closed","template":"","meta":{"_acf_changed":false,"footnotes":""},"class_list":["post-9676","page","type-page","status-publish","hentry"],"acf":[],"yoast_head":"<!-- This site is optimized with the Yoast SEO plugin v27.1.1 - https:\/\/yoast.com\/product\/yoast-seo-wordpress\/ -->\n<title>FOIRE AUX QUESTIONS | KRUPS<\/title>\n<meta name=\"robots\" content=\"index, follow, max-snippet:-1, max-image-preview:large, max-video-preview:-1\" \/>\n<link rel=\"canonical\" href=\"https:\/\/krups.ca\/fr\/frequently-asked-questions\/\" \/>\n<meta property=\"og:locale\" content=\"fr_FR\" \/>\n<meta property=\"og:type\" content=\"article\" \/>\n<meta property=\"og:title\" content=\"FOIRE AUX QUESTIONS | KRUPS\" \/>\n<meta property=\"og:description\" content=\"[vc_row row_type=\u00a0\u00bbrow\u00a0\u00bb use_row_as_full_screen_section=\u00a0\u00bbno\u00a0\u00bb type=\u00a0\u00bbfull_width\u00a0\u00bb angled_section=\u00a0\u00bbno\u00a0\u00bb text_align=\u00a0\u00bbleft\u00a0\u00bb background_image_as_pattern=\u00a0\u00bbwithout_pattern\u00a0\u00bb background_color=\u00a0\u00bb#ffffff\u00a0\u00bb padding_top=\u00a0\u00bb40&Prime; padding_bottom=\u00a0\u00bb40&Prime; css_animation=\u00a0\u00bb\u00a0\u00bb css=\u00a0\u00bb.vc_custom_1501160473797{margin-top: -30px !important;padding-top: 10px !important;padding-bottom: 20px !important;}\u00a0\u00bb][vc_column][vc_row_inner row_type=\u00a0\u00bbrow\u00a0\u00bb type=\u00a0\u00bbfull_width\u00a0\u00bb text_align=\u00a0\u00bbleft\u00a0\u00bb css_animation=\u00a0\u00bb\u00a0\u00bb css=\u00a0\u00bb.vc_custom_1501094513953{padding-right: 60px !important;padding-left: 60px !important;}\u00a0\u00bb][vc_column_inner][vc_column_text] Veuillez s\u00e9lectionner une cat\u00e9gorie ou sous-cat\u00e9gorie en cliquant sur une des images ci-dessous. [\/vc_column_text][\/vc_column_inner][\/vc_row_inner][\/vc_column][\/vc_row][vc_row row_type=\u00a0\u00bbrow\u00a0\u00bb use_row_as_full_screen_section=\u00a0\u00bbno\u00a0\u00bb type=\u00a0\u00bbfull_width\u00a0\u00bb angled_section=\u00a0\u00bbno\u00a0\u00bb...\" \/>\n<meta property=\"og:url\" content=\"https:\/\/krups.ca\/fr\/frequently-asked-questions\/\" \/>\n<meta property=\"og:site_name\" content=\"KRUPS\" \/>\n<meta property=\"article:modified_time\" content=\"2017-09-15T14:08:49+00:00\" \/>\n<meta name=\"twitter:card\" content=\"summary_large_image\" \/>\n<meta name=\"twitter:label1\" content=\"Dur\u00e9e de lecture estim\u00e9e\" \/>\n\t<meta name=\"twitter:data1\" content=\"1 minute\" \/>\n<script type=\"application\/ld+json\" class=\"yoast-schema-graph\">{\"@context\":\"https:\/\/schema.org\",\"@graph\":[{\"@type\":\"WebPage\",\"@id\":\"https:\/\/krups.ca\/fr\/frequently-asked-questions\/\",\"url\":\"https:\/\/krups.ca\/fr\/frequently-asked-questions\/\",\"name\":\"FOIRE AUX QUESTIONS | KRUPS\",\"isPartOf\":{\"@id\":\"https:\/\/krups.ca\/#website\"},\"datePublished\":\"2017-08-04T19:16:04+00:00\",\"dateModified\":\"2017-09-15T14:08:49+00:00\",\"breadcrumb\":{\"@id\":\"https:\/\/krups.ca\/fr\/frequently-asked-questions\/#breadcrumb\"},\"inLanguage\":\"fr-FR\",\"potentialAction\":[{\"@type\":\"ReadAction\",\"target\":[\"https:\/\/krups.ca\/fr\/frequently-asked-questions\/\"]}]},{\"@type\":\"BreadcrumbList\",\"@id\":\"https:\/\/krups.ca\/fr\/frequently-asked-questions\/#breadcrumb\",\"itemListElement\":[{\"@type\":\"ListItem\",\"position\":1,\"name\":\"Home\",\"item\":\"https:\/\/krups.ca\/fr\/\"},{\"@type\":\"ListItem\",\"position\":2,\"name\":\"FOIRE AUX QUESTIONS\"}]},{\"@type\":\"WebSite\",\"@id\":\"https:\/\/krups.ca\/#website\",\"url\":\"https:\/\/krups.ca\/\",\"name\":\"KRUPS\",\"description\":\"Krups Canada\",\"potentialAction\":[{\"@type\":\"SearchAction\",\"target\":{\"@type\":\"EntryPoint\",\"urlTemplate\":\"https:\/\/krups.ca\/?s={search_term_string}\"},\"query-input\":{\"@type\":\"PropertyValueSpecification\",\"valueRequired\":true,\"valueName\":\"search_term_string\"}}],\"inLanguage\":\"fr-FR\"}]}<\/script>\n<!-- \/ Yoast SEO plugin. -->","yoast_head_json":{"title":"FOIRE AUX QUESTIONS | KRUPS","robots":{"index":"index","follow":"follow","max-snippet":"max-snippet:-1","max-image-preview":"max-image-preview:large","max-video-preview":"max-video-preview:-1"},"canonical":"https:\/\/krups.ca\/fr\/frequently-asked-questions\/","og_locale":"fr_FR","og_type":"article","og_title":"FOIRE AUX QUESTIONS | KRUPS","og_description":"[vc_row row_type=\u00a0\u00bbrow\u00a0\u00bb use_row_as_full_screen_section=\u00a0\u00bbno\u00a0\u00bb type=\u00a0\u00bbfull_width\u00a0\u00bb angled_section=\u00a0\u00bbno\u00a0\u00bb text_align=\u00a0\u00bbleft\u00a0\u00bb background_image_as_pattern=\u00a0\u00bbwithout_pattern\u00a0\u00bb background_color=\u00a0\u00bb#ffffff\u00a0\u00bb padding_top=\u00a0\u00bb40&Prime; padding_bottom=\u00a0\u00bb40&Prime; css_animation=\u00a0\u00bb\u00a0\u00bb css=\u00a0\u00bb.vc_custom_1501160473797{margin-top: -30px !important;padding-top: 10px !important;padding-bottom: 20px !important;}\u00a0\u00bb][vc_column][vc_row_inner row_type=\u00a0\u00bbrow\u00a0\u00bb type=\u00a0\u00bbfull_width\u00a0\u00bb text_align=\u00a0\u00bbleft\u00a0\u00bb css_animation=\u00a0\u00bb\u00a0\u00bb css=\u00a0\u00bb.vc_custom_1501094513953{padding-right: 60px !important;padding-left: 60px !important;}\u00a0\u00bb][vc_column_inner][vc_column_text] Veuillez s\u00e9lectionner une cat\u00e9gorie ou sous-cat\u00e9gorie en cliquant sur une des images ci-dessous. [\/vc_column_text][\/vc_column_inner][\/vc_row_inner][\/vc_column][\/vc_row][vc_row row_type=\u00a0\u00bbrow\u00a0\u00bb use_row_as_full_screen_section=\u00a0\u00bbno\u00a0\u00bb type=\u00a0\u00bbfull_width\u00a0\u00bb angled_section=\u00a0\u00bbno\u00a0\u00bb...","og_url":"https:\/\/krups.ca\/fr\/frequently-asked-questions\/","og_site_name":"KRUPS","article_modified_time":"2017-09-15T14:08:49+00:00","twitter_card":"summary_large_image","twitter_misc":{"Dur\u00e9e de lecture estim\u00e9e":"1 minute"},"schema":{"@context":"https:\/\/schema.org","@graph":[{"@type":"WebPage","@id":"https:\/\/krups.ca\/fr\/frequently-asked-questions\/","url":"https:\/\/krups.ca\/fr\/frequently-asked-questions\/","name":"FOIRE AUX QUESTIONS | KRUPS","isPartOf":{"@id":"https:\/\/krups.ca\/#website"},"datePublished":"2017-08-04T19:16:04+00:00","dateModified":"2017-09-15T14:08:49+00:00","breadcrumb":{"@id":"https:\/\/krups.ca\/fr\/frequently-asked-questions\/#breadcrumb"},"inLanguage":"fr-FR","potentialAction":[{"@type":"ReadAction","target":["https:\/\/krups.ca\/fr\/frequently-asked-questions\/"]}]},{"@type":"BreadcrumbList","@id":"https:\/\/krups.ca\/fr\/frequently-asked-questions\/#breadcrumb","itemListElement":[{"@type":"ListItem","position":1,"name":"Home","item":"https:\/\/krups.ca\/fr\/"},{"@type":"ListItem","position":2,"name":"FOIRE AUX QUESTIONS"}]},{"@type":"WebSite","@id":"https:\/\/krups.ca\/#website","url":"https:\/\/krups.ca\/","name":"KRUPS","description":"Krups Canada","potentialAction":[{"@type":"SearchAction","target":{"@type":"EntryPoint","urlTemplate":"https:\/\/krups.ca\/?s={search_term_string}"},"query-input":{"@type":"PropertyValueSpecification","valueRequired":true,"valueName":"search_term_string"}}],"inLanguage":"fr-FR"}]}},"_links":{"self":[{"href":"https:\/\/krups.ca\/fr\/wp-json\/wp\/v2\/pages\/9676","targetHints":{"allow":["GET"]}}],"collection":[{"href":"https:\/\/krups.ca\/fr\/wp-json\/wp\/v2\/pages"}],"about":[{"href":"https:\/\/krups.ca\/fr\/wp-json\/wp\/v2\/types\/page"}],"author":[{"embeddable":true,"href":"https:\/\/krups.ca\/fr\/wp-json\/wp\/v2\/users\/1"}],"replies":[{"embeddable":true,"href":"https:\/\/krups.ca\/fr\/wp-json\/wp\/v2\/comments?post=9676"}],"version-history":[{"count":2,"href":"https:\/\/krups.ca\/fr\/wp-json\/wp\/v2\/pages\/9676\/revisions"}],"predecessor-version":[{"id":9678,"href":"https:\/\/krups.ca\/fr\/wp-json\/wp\/v2\/pages\/9676\/revisions\/9678"}],"wp:attachment":[{"href":"https:\/\/krups.ca\/fr\/wp-json\/wp\/v2\/media?parent=9676"}],"curies":[{"name":"wp","href":"https:\/\/api.w.org\/{rel}","templated":true}]}}