{"id":9861,"date":"2017-08-15T16:07:38","date_gmt":"2017-08-15T16:07:38","guid":{"rendered":"https:\/\/krups.ca\/?page_id=9861\/"},"modified":"2017-09-15T14:09:24","modified_gmt":"2017-09-15T14:09:24","slug":"privacy-policy","status":"publish","type":"page","link":"https:\/\/krups.ca\/fr\/privacy-policy\/","title":{"rendered":"Politique de confidentialit\u00e9"},"content":{"rendered":"<p>[vc_row css_animation=\u00a0\u00bb\u00a0\u00bb row_type=\u00a0\u00bbrow\u00a0\u00bb use_row_as_full_screen_section=\u00a0\u00bbno\u00a0\u00bb type=\u00a0\u00bbfull_width\u00a0\u00bb angled_section=\u00a0\u00bbno\u00a0\u00bb text_align=\u00a0\u00bbleft\u00a0\u00bb background_image_as_pattern=\u00a0\u00bbwithout_pattern\u00a0\u00bb background_color=\u00a0\u00bb#ffffff\u00a0\u00bb padding_top=\u00a0\u00bb40&Prime; padding_bottom=\u00a0\u00bb40&Prime;][vc_column][vc_row_inner row_type=\u00a0\u00bbrow\u00a0\u00bb type=\u00a0\u00bbfull_width\u00a0\u00bb text_align=\u00a0\u00bbleft\u00a0\u00bb css_animation=\u00a0\u00bb\u00a0\u00bb css=\u00a0\u00bb.vc_custom_1501094513953{padding-right: 60px !important;padding-left: 60px !important;}\u00a0\u00bb][vc_column_inner][vc_separator type=\u00a0\u00bbtransparent\u00a0\u00bb][vc_column_text]La politique de confidentialit\u00e9 pr\u00e9sent\u00e9e ci-dessous (ci-apr\u00e8s d\u00e9nomm\u00e9e la \u00ab\u00a0politique de confidentialit\u00e9\u00a0\u00bb ou la \u00ab\u00a0politique\u00a0\u00bb) explique la mani\u00e8re dont les donn\u00e9es personnelles recueillies sur Krups.ca (ci-apr\u00e8s le \u00ab\u00a0site Internet\u00a0\u00bb) par le Groupe SEB Canada et SEB International Services (SIS), chacun agissant en tant que contr\u00f4leur de donn\u00e9es, sont utilis\u00e9es et, le cas \u00e9ch\u00e9ant, diffus\u00e9es \u00e0 des tiers, les mesures prises afin de garantir leur confidentialit\u00e9 et leur s\u00e9curit\u00e9, ainsi que vos choix quant \u00e0 la collecte et l&rsquo;utilisation de vos donn\u00e9es personnelles.<\/p>\n<ol>\n<li><strong> Quelles donn\u00e9es personnelles sont recueillies sur notre site Internet ?<\/strong><\/li>\n<\/ol>\n<p>Lorsque vous acc\u00e9dez au site Internet et l&rsquo;utilisez, vous pouvez fournir certaines donn\u00e9es personnelles vous concernant, c&rsquo;est-\u00e0-dire des informations susceptibles de vous identifier directement ou indirectement.<\/p>\n<p>Les informations pouvant \u00eatre recueillies par le Groupe SEB Canada lorsque vous cr\u00e9ez un compte, demandez un catalogue ou des renseignements sur nos produits et services, participez \u00e0 un jeu ou \u00e0 un jeu-questionnaire, ou par SIS lorsque vous effectuez un achat, peuvent inclure\u00a0: votre pr\u00e9nom et votre nom, adresse, num\u00e9ro de t\u00e9l\u00e9phone, adresse de courriel, identifiant utilisateur et mot de passe associ\u00e9s \u00e0 votre compte d&rsquo;utilisateur, votre date de naissance, vos int\u00e9r\u00eats et pr\u00e9f\u00e9rences.<\/p>\n<p>Certaines des informations pouvant vous \u00eatre demand\u00e9es sur le site Internet sont obligatoires et seront indiqu\u00e9es comme telles, tandis que d&rsquo;autres sont facultatives. Si vous d\u00e9cidez de ne pas fournir les informations obligatoires, il est possible que vous ne puissiez pas acc\u00e9der \u00e0 certaines sections du site Internet ou que nous ne soyons pas en mesure de r\u00e9pondre \u00e0 vos exigences.<\/p>\n<p>De plus, afin d&rsquo;am\u00e9liorer le fonctionnement du site Internet et de l&rsquo;adapter \u00e0 vos exigences, des informations telles que votre adresse IP, votre type de navigateur, votre syst\u00e8me d&rsquo;exploitation, la langue utilis\u00e9e, les pages du site Internet consult\u00e9es et l&rsquo;ordre dans lequel vous les avez consult\u00e9es, la date et la dur\u00e9e de votre visite, ainsi que d&rsquo;autres informations obtenues via l&rsquo;utilisation de t\u00e9moins, peuvent \u00eatre recueillies. Pour plus d&rsquo;informations sur les t\u00e9moins (cookies) que nous utilisons, veuillez consulter notre politique relative aux <strong>t\u00e9moins<\/strong>, disponible sur le site Internet.<\/p>\n<p><strong>Si vous \u00eates mineur<\/strong> et avez communiqu\u00e9 des donn\u00e9es personnelles sur le site Internet, vous garantissez \u00eatre autoris\u00e9 \u00e0 le faire, conform\u00e9ment aux lois applicables et, si ces lois l&rsquo;exigent, avoir obtenu l&rsquo;autorisation pr\u00e9alable de l&rsquo;un de vos parents. Le Groupe SEB Canada et SIS d\u00e9clinent toute responsabilit\u00e9 en cas de non-obtention de cette autorisation.<\/p>\n<p>Il est recommand\u00e9 aux parents et tuteurs d&rsquo;adopter une attitude responsable et prudente \u00e0 l&rsquo;\u00e9gard des mineurs dont ils ont la charge lorsqu&rsquo;il s&rsquo;agit de diffuser leurs donn\u00e9es personnelles sur Internet.<\/p>\n<p>&nbsp;<\/p>\n<ol start=\"2\">\n<li><strong> Comment vos donn\u00e9es sont-elles utilis\u00e9es ?<\/strong><\/li>\n<\/ol>\n<p>Lorsque vous cr\u00e9ez un compte sur le site Internet, vos donn\u00e9es personnelles sont trait\u00e9es par le Groupe SEB Canada, qui peut utiliser ces donn\u00e9es aux fins suivantes\u00a0:<\/p>\n<ul>\n<li>permettre la cr\u00e9ation de votre compte d&rsquo;utilisateur et r\u00e9pondre \u00e0 vos recherches et\/ou demandes de renseignements concernant les biens ou services vendus par le Groupe SEB Canada;<\/li>\n<li>vous envoyer des offres promotionnelles et commerciales susceptibles de vous int\u00e9resser, conform\u00e9ment \u00e0 vos choix \u00e0 cet \u00e9gard;<\/li>\n<li>vous proposer un contenu et des offres personnalis\u00e9s sur le site Internet;<\/li>\n<li>dans le cadre de votre participation \u00e0 un jeu ou \u00e0 un jeu-questionnaire, ou \u00e0 tout autre \u00e9v\u00e9nement accessible sur le site Internet.<\/li>\n<\/ul>\n<p>Lorsque vous effectuez un achat sur le site Internet, vos donn\u00e9es personnelles seront trait\u00e9es par SIS pour la gestion de votre commande et la livraison.<\/p>\n<ol start=\"3\">\n<li><strong> Protection de vos donn\u00e9es<\/strong><\/li>\n<\/ol>\n<p>Le Groupe SEB Canada et SIS s&rsquo;engagent \u00e0 prot\u00e9ger la s\u00e9curit\u00e9 des donn\u00e9es que vous communiquez sur le site Internet. Des solutions mat\u00e9rielles et logicielles, ainsi que des mesures organisationnelles appropri\u00e9es ont \u00e9t\u00e9 mises en \u0153uvre afin de prot\u00e9ger les donn\u00e9es recueillies via ce site Internet, en vue d&#8217;emp\u00eacher tout acc\u00e8s, utilisation, modification, suppression, diffusion non autoris\u00e9s ou tout traitement ill\u00e9gal de vos donn\u00e9es personnelles, ainsi que la suppression ou la perte accidentelle, ou encore tout dommage li\u00e9 \u00e0 de tels \u00e9v\u00e9nements. Cependant, la s\u00e9curit\u00e9 de vos donn\u00e9es ne peut \u00eatre int\u00e9gralement garantie.<\/p>\n<p>La s\u00e9curit\u00e9 de vos donn\u00e9es est assur\u00e9e notamment\u00a0:<\/p>\n<ul>\n<li>gr\u00e2ce \u00e0 la protection par mot de passe\u00a0;<\/li>\n<li>en limitant l&rsquo;acc\u00e8s \u00e0 vos donn\u00e9es uniquement aux personnes d\u00fbment autoris\u00e9es (par exemple, uniquement les membres du personnel du Groupe SEB Canada et SIS ou leurs employ\u00e9s n\u00e9cessitant un acc\u00e8s aux fins indiqu\u00e9es pr\u00e9c\u00e9demment).<\/li>\n<\/ul>\n<p>Afin de nous aider \u00e0 prot\u00e9ger vos donn\u00e9es, nous vous recommandons d&rsquo;\u00e9viter d\u2019utiliser un identifiant ou un mot de passe trop \u00e9vident, de modifier r\u00e9guli\u00e8rement votre mot de passe et de ne jamais le communiquer \u00e0 qui que ce soit.<\/p>\n<ol start=\"4\">\n<li><strong> Qui a acc\u00e8s \u00e0 vos donn\u00e9es ?<\/strong><\/li>\n<\/ol>\n<p>Vos donn\u00e9es personnelles ne seront pas diffus\u00e9es \u00e0 des tiers, \u00e0 l&rsquo;exception des\u00a0:<\/p>\n<ul>\n<li>filiales du Groupe SEB Canada et de SIS\u00a0;<\/li>\n<li>employ\u00e9s d\u00fbment autoris\u00e9s du Groupe SEB Canada et de SIS et de leurs fournisseurs de services, afin de leur permettre de fournir les services en question ou de r\u00e9aliser certaines t\u00e2ches pour le compte du Groupe SEB Canada et de SIS (y compris le service apr\u00e8s-vente, les \u00e9tudes de march\u00e9 ou le service aux consommateurs, la gestion des comptes, des biens ou des services fournis actuellement ou \u00e0 tout moment, les tirages de prix, jeux, concours et promotions)\u00a0;<\/li>\n<li>les acheteurs ou acheteurs potentiels de ces soci\u00e9t\u00e9s, dans le cas d&rsquo;une acquisition\u00a0;<\/li>\n<li>dans les cas o\u00f9 la loi ou les autorit\u00e9s l&rsquo;exigent.<\/li>\n<\/ul>\n<ol start=\"5\">\n<li><strong> Vos choix quant au marketing direct<\/strong><\/li>\n<\/ol>\n<p>Conform\u00e9ment \u00e0 vos choix et aux lois applicables en la mati\u00e8re, le Groupe SEB Canada et\/ou SIS peut vous envoyer des offres promotionnelles ou commerciales concernant les produits et services pr\u00e9sent\u00e9s sur le site Internet, par courrier, par courriel et par SMS, ainsi que des offres concernant les biens et services d&rsquo;autres marques du Groupe SEB (telles que SEB, MoulinEX, ROWENTA, CALOR, KRUPS, LAGOSTINA, ZYLISS) ou de ses partenaires.<\/p>\n<p>Vous pouvez d\u00e9cider, \u00e0 tout moment, de ne plus recevoir ces communications commerciales, notamment en cliquant sur le lien de d\u00e9sinscription figurant dans un message ou en \u00e9crivant \u00e0 l&rsquo;adresse indiqu\u00e9e dans la derni\u00e8re section ci-dessous.<\/p>\n<ol start=\"6\">\n<li><strong> D\u00e9sinscription, suppression ou modification de vos donn\u00e9es personnelles apr\u00e8s avoir cr\u00e9\u00e9 un compte d\u2019utilisateur<\/strong><\/li>\n<\/ol>\n<p>Vous pouvez vous d\u00e9sinscrire \u00e0 tout moment du site Internet en suivant la proc\u00e9dure d\u00e9crite ci-apr\u00e8s\u00a0:<\/p>\n<ol>\n<li>connectez-vous au site Internet et identifiez-vous\u00a0;<\/li>\n<li>cliquez sur l&rsquo;encart \u00ab\u00a0Mon profil\u00a0\u00bb\u00a0;<\/li>\n<li>\u00e0 droite de la page, dans l&rsquo;onglet intitul\u00e9 \u00ab\u00a0Mon compte\u00a0\u00bb, cliquez sur le lien \u00ab\u00a0Mes informations de contact\u00a0\u00bb\u00a0;<\/li>\n<li>cliquez sur le lien \u00ab\u00a0Supprimer mon compte\u00a0\u00bb, situ\u00e9 \u00e0 droite de la page\u00a0;<\/li>\n<li>confirmez la suppression de votre profil.<\/li>\n<\/ol>\n<ol start=\"7\">\n<li><strong> Sites Internet de tiers<\/strong><\/li>\n<\/ol>\n<p>Le site Internet peut contenir des liens vers d&rsquo;autres sites Internet g\u00e9r\u00e9s par des tiers, non r\u00e9gis par la pr\u00e9sente politique de confidentialit\u00e9 et dont les pratiques en termes de collecte et d&rsquo;utilisation des donn\u00e9es personnelles sont susceptibles d&rsquo;\u00eatre diff\u00e9rentes de celles du site Internet. Le Groupe SEB Canada et SIS, n&rsquo;\u00e9tant pas propri\u00e9taires ou ne g\u00e9rant pas ces sites Internet, d\u00e9clinent toute responsabilit\u00e9 quant \u00e0 la mani\u00e8re dont ces sites Internet tiers peuvent recueillir et utiliser vos donn\u00e9es personnelles. Nous vous recommandons de lire attentivement les politiques de confidentialit\u00e9 de ces sites Internet tiers.<\/p>\n<ol start=\"8\">\n<li><strong> Utilisation de vos donn\u00e9es personnelles \u00e0 partir de comptes cr\u00e9\u00e9s sur un autre site Internet ou service de la marque Krups<\/strong><\/li>\n<\/ol>\n<p>Si vous avez cr\u00e9\u00e9 un compte utilisateur sur un autre site Internet ou service de la marque Krups, nous utiliserons vos donn\u00e9es personnelles \u00e0 partir de ce compte afin de compl\u00e9ter les donn\u00e9es de votre compte d\u2019utilisateur sur le site Internet, en vue de faciliter votre enregistrement sur le site Internet et de vous \u00e9viter de devoir inscrire \u00e0 nouveau des informations d\u00e9j\u00e0 fournies. Si vous ne souhaitez pas que vos donn\u00e9es provenant d&rsquo;autres comptes d\u2019utilisateurs cr\u00e9\u00e9s sur un autre site Internet ou service de la marque Krups soient utilis\u00e9es de la sorte, veuillez contacter le service \u00e0 la client\u00e8le en \u00e9crivant \u00e0 l&rsquo;adresse indiqu\u00e9e dans la derni\u00e8re section ci-dessous.<\/p>\n<ol start=\"9\">\n<li><strong> Modification de la politique de confidentialit\u00e9<\/strong><\/li>\n<\/ol>\n<p>En cas de modification de la politique de confidentialit\u00e9, la nouvelle Politique de confidentialit\u00e9 sera publi\u00e9e sur ce site Internet. Nous vous recommandons de la consulter r\u00e9guli\u00e8rement afin d&rsquo;\u00eatre inform\u00e9 d&rsquo;\u00e9ventuelles modifications.<\/p>\n<ol start=\"10\">\n<li><strong> Vos droits quant au traitement de vos donn\u00e9es personnelles<\/strong><\/li>\n<\/ol>\n<p>Conform\u00e9ment aux lois applicables en mati\u00e8re de confidentialit\u00e9 et de protection des donn\u00e9es, vous pouvez acc\u00e9der, corriger, supprimer et\/ou refuser le traitement de vos donn\u00e9es personnelles pour tout motif l\u00e9gitime et dans le cadre de l&rsquo;exercice de tout autre droit relevant des lois applicables relatives au traitement de vos donn\u00e9es personnelles.<\/p>\n<p>&nbsp;<\/p>\n<p>Pour toute autre donn\u00e9e trait\u00e9e par le Groupe SEB Canada en vue de la cr\u00e9ation de votre compte, pour r\u00e9pondre \u00e0 vos questions, vous envoyer des offres promotionnelles et commerciales, personnaliser le contenu du site Internet et dans le cadre de votre participation \u00e0 des \u00e9v\u00e9nements tels que des jeux questionnaires ou des jeux concours, vous pouvez exercer vos droits en \u00e9crivant \u00e0\u00a0:<\/p>\n<p><strong>SERVICE \u00c0 LA CLIENT\u00c8LE DE KRUPS<\/strong><\/p>\n<p>345, rue Passmore Ave<\/p>\n<p>Toronto, ON, M1V3N8<\/p>\n<p>T\u00e9l.\u00a0: 1-800-418-3325<\/p>\n<p>customers@groupeseb.com<\/p>\n<p>&nbsp;<\/p>\n<p>Vous pouvez \u00e9galement contacter le <u>service \u00e0 la client\u00e8le<\/u>.[\/vc_column_text][\/vc_column_inner][\/vc_row_inner][\/vc_column][\/vc_row][vc_row css_animation=\u00a0\u00bb\u00a0\u00bb row_type=\u00a0\u00bbrow\u00a0\u00bb use_row_as_full_screen_section=\u00a0\u00bbno\u00a0\u00bb type=\u00a0\u00bbfull_width\u00a0\u00bb angled_section=\u00a0\u00bbno\u00a0\u00bb text_align=\u00a0\u00bbleft\u00a0\u00bb background_image_as_pattern=\u00a0\u00bbwithout_pattern\u00a0\u00bb][vc_column][vc_empty_space][\/vc_column][\/vc_row]<\/p>\n","protected":false},"excerpt":{"rendered":"<p>[vc_row css_animation=\u00a0\u00bb\u00a0\u00bb row_type=\u00a0\u00bbrow\u00a0\u00bb use_row_as_full_screen_section=\u00a0\u00bbno\u00a0\u00bb type=\u00a0\u00bbfull_width\u00a0\u00bb angled_section=\u00a0\u00bbno\u00a0\u00bb text_align=\u00a0\u00bbleft\u00a0\u00bb background_image_as_pattern=\u00a0\u00bbwithout_pattern\u00a0\u00bb background_color=\u00a0\u00bb#ffffff\u00a0\u00bb padding_top=\u00a0\u00bb40&Prime; padding_bottom=\u00a0\u00bb40&Prime;][vc_column][vc_row_inner row_type=\u00a0\u00bbrow\u00a0\u00bb type=\u00a0\u00bbfull_width\u00a0\u00bb text_align=\u00a0\u00bbleft\u00a0\u00bb css_animation=\u00a0\u00bb\u00a0\u00bb css=\u00a0\u00bb.vc_custom_1501094513953{padding-right: 60px !important;padding-left: 60px !important;}\u00a0\u00bb][vc_column_inner][vc_separator type=\u00a0\u00bbtransparent\u00a0\u00bb][vc_column_text]La politique de confidentialit\u00e9 pr\u00e9sent\u00e9e ci-dessous (ci-apr\u00e8s d\u00e9nomm\u00e9e la \u00ab\u00a0politique de confidentialit\u00e9\u00a0\u00bb ou la \u00ab\u00a0politique\u00a0\u00bb) explique la mani\u00e8re dont les donn\u00e9es personnelles recueillies sur Krups.ca&#8230;<\/p>\n","protected":false},"author":1,"featured_media":0,"parent":0,"menu_order":2,"comment_status":"closed","ping_status":"closed","template":"","meta":{"_acf_changed":false,"footnotes":""},"class_list":["post-9861","page","type-page","status-publish","hentry"],"acf":[],"yoast_head":"<!-- This site is optimized with the Yoast SEO plugin v27.1.1 - https:\/\/yoast.com\/product\/yoast-seo-wordpress\/ -->\n<title>Politique de confidentialit\u00e9 | KRUPS<\/title>\n<meta name=\"robots\" content=\"index, follow, max-snippet:-1, max-image-preview:large, max-video-preview:-1\" \/>\n<link rel=\"canonical\" href=\"https:\/\/krups.ca\/fr\/privacy-policy\/\" \/>\n<meta property=\"og:locale\" content=\"fr_FR\" \/>\n<meta property=\"og:type\" content=\"article\" \/>\n<meta property=\"og:title\" content=\"Politique de confidentialit\u00e9 | KRUPS\" \/>\n<meta property=\"og:description\" content=\"[vc_row css_animation=\u00a0\u00bb\u00a0\u00bb row_type=\u00a0\u00bbrow\u00a0\u00bb use_row_as_full_screen_section=\u00a0\u00bbno\u00a0\u00bb type=\u00a0\u00bbfull_width\u00a0\u00bb angled_section=\u00a0\u00bbno\u00a0\u00bb text_align=\u00a0\u00bbleft\u00a0\u00bb background_image_as_pattern=\u00a0\u00bbwithout_pattern\u00a0\u00bb background_color=\u00a0\u00bb#ffffff\u00a0\u00bb padding_top=\u00a0\u00bb40&Prime; padding_bottom=\u00a0\u00bb40&Prime;][vc_column][vc_row_inner row_type=\u00a0\u00bbrow\u00a0\u00bb type=\u00a0\u00bbfull_width\u00a0\u00bb text_align=\u00a0\u00bbleft\u00a0\u00bb css_animation=\u00a0\u00bb\u00a0\u00bb css=\u00a0\u00bb.vc_custom_1501094513953{padding-right: 60px !important;padding-left: 60px !important;}\u00a0\u00bb][vc_column_inner][vc_separator type=\u00a0\u00bbtransparent\u00a0\u00bb][vc_column_text]La politique de confidentialit\u00e9 pr\u00e9sent\u00e9e ci-dessous (ci-apr\u00e8s d\u00e9nomm\u00e9e la \u00ab\u00a0politique de confidentialit\u00e9\u00a0\u00bb ou la \u00ab\u00a0politique\u00a0\u00bb) explique la mani\u00e8re dont les donn\u00e9es personnelles recueillies sur Krups.ca...\" \/>\n<meta property=\"og:url\" content=\"https:\/\/krups.ca\/fr\/privacy-policy\/\" \/>\n<meta property=\"og:site_name\" content=\"KRUPS\" \/>\n<meta property=\"article:modified_time\" content=\"2017-09-15T14:09:24+00:00\" \/>\n<meta name=\"twitter:card\" content=\"summary_large_image\" \/>\n<meta name=\"twitter:label1\" content=\"Dur\u00e9e de lecture estim\u00e9e\" \/>\n\t<meta name=\"twitter:data1\" content=\"9 minutes\" \/>\n<script type=\"application\/ld+json\" class=\"yoast-schema-graph\">{\"@context\":\"https:\/\/schema.org\",\"@graph\":[{\"@type\":\"WebPage\",\"@id\":\"https:\/\/krups.ca\/fr\/privacy-policy\/\",\"url\":\"https:\/\/krups.ca\/fr\/privacy-policy\/\",\"name\":\"Politique de confidentialit\u00e9 | KRUPS\",\"isPartOf\":{\"@id\":\"https:\/\/krups.ca\/#website\"},\"datePublished\":\"2017-08-15T16:07:38+00:00\",\"dateModified\":\"2017-09-15T14:09:24+00:00\",\"breadcrumb\":{\"@id\":\"https:\/\/krups.ca\/fr\/privacy-policy\/#breadcrumb\"},\"inLanguage\":\"fr-FR\",\"potentialAction\":[{\"@type\":\"ReadAction\",\"target\":[\"https:\/\/krups.ca\/fr\/privacy-policy\/\"]}]},{\"@type\":\"BreadcrumbList\",\"@id\":\"https:\/\/krups.ca\/fr\/privacy-policy\/#breadcrumb\",\"itemListElement\":[{\"@type\":\"ListItem\",\"position\":1,\"name\":\"Home\",\"item\":\"https:\/\/krups.ca\/fr\/\"},{\"@type\":\"ListItem\",\"position\":2,\"name\":\"Politique de confidentialit\u00e9\"}]},{\"@type\":\"WebSite\",\"@id\":\"https:\/\/krups.ca\/#website\",\"url\":\"https:\/\/krups.ca\/\",\"name\":\"KRUPS\",\"description\":\"Krups Canada\",\"potentialAction\":[{\"@type\":\"SearchAction\",\"target\":{\"@type\":\"EntryPoint\",\"urlTemplate\":\"https:\/\/krups.ca\/?s={search_term_string}\"},\"query-input\":{\"@type\":\"PropertyValueSpecification\",\"valueRequired\":true,\"valueName\":\"search_term_string\"}}],\"inLanguage\":\"fr-FR\"}]}<\/script>\n<!-- \/ Yoast SEO plugin. -->","yoast_head_json":{"title":"Politique de confidentialit\u00e9 | KRUPS","robots":{"index":"index","follow":"follow","max-snippet":"max-snippet:-1","max-image-preview":"max-image-preview:large","max-video-preview":"max-video-preview:-1"},"canonical":"https:\/\/krups.ca\/fr\/privacy-policy\/","og_locale":"fr_FR","og_type":"article","og_title":"Politique de confidentialit\u00e9 | KRUPS","og_description":"[vc_row css_animation=\u00a0\u00bb\u00a0\u00bb row_type=\u00a0\u00bbrow\u00a0\u00bb use_row_as_full_screen_section=\u00a0\u00bbno\u00a0\u00bb type=\u00a0\u00bbfull_width\u00a0\u00bb angled_section=\u00a0\u00bbno\u00a0\u00bb text_align=\u00a0\u00bbleft\u00a0\u00bb background_image_as_pattern=\u00a0\u00bbwithout_pattern\u00a0\u00bb background_color=\u00a0\u00bb#ffffff\u00a0\u00bb padding_top=\u00a0\u00bb40&Prime; padding_bottom=\u00a0\u00bb40&Prime;][vc_column][vc_row_inner row_type=\u00a0\u00bbrow\u00a0\u00bb type=\u00a0\u00bbfull_width\u00a0\u00bb text_align=\u00a0\u00bbleft\u00a0\u00bb css_animation=\u00a0\u00bb\u00a0\u00bb css=\u00a0\u00bb.vc_custom_1501094513953{padding-right: 60px !important;padding-left: 60px !important;}\u00a0\u00bb][vc_column_inner][vc_separator type=\u00a0\u00bbtransparent\u00a0\u00bb][vc_column_text]La politique de confidentialit\u00e9 pr\u00e9sent\u00e9e ci-dessous (ci-apr\u00e8s d\u00e9nomm\u00e9e la \u00ab\u00a0politique de confidentialit\u00e9\u00a0\u00bb ou la \u00ab\u00a0politique\u00a0\u00bb) explique la mani\u00e8re dont les donn\u00e9es personnelles recueillies sur Krups.ca...","og_url":"https:\/\/krups.ca\/fr\/privacy-policy\/","og_site_name":"KRUPS","article_modified_time":"2017-09-15T14:09:24+00:00","twitter_card":"summary_large_image","twitter_misc":{"Dur\u00e9e de lecture estim\u00e9e":"9 minutes"},"schema":{"@context":"https:\/\/schema.org","@graph":[{"@type":"WebPage","@id":"https:\/\/krups.ca\/fr\/privacy-policy\/","url":"https:\/\/krups.ca\/fr\/privacy-policy\/","name":"Politique de confidentialit\u00e9 | KRUPS","isPartOf":{"@id":"https:\/\/krups.ca\/#website"},"datePublished":"2017-08-15T16:07:38+00:00","dateModified":"2017-09-15T14:09:24+00:00","breadcrumb":{"@id":"https:\/\/krups.ca\/fr\/privacy-policy\/#breadcrumb"},"inLanguage":"fr-FR","potentialAction":[{"@type":"ReadAction","target":["https:\/\/krups.ca\/fr\/privacy-policy\/"]}]},{"@type":"BreadcrumbList","@id":"https:\/\/krups.ca\/fr\/privacy-policy\/#breadcrumb","itemListElement":[{"@type":"ListItem","position":1,"name":"Home","item":"https:\/\/krups.ca\/fr\/"},{"@type":"ListItem","position":2,"name":"Politique de confidentialit\u00e9"}]},{"@type":"WebSite","@id":"https:\/\/krups.ca\/#website","url":"https:\/\/krups.ca\/","name":"KRUPS","description":"Krups Canada","potentialAction":[{"@type":"SearchAction","target":{"@type":"EntryPoint","urlTemplate":"https:\/\/krups.ca\/?s={search_term_string}"},"query-input":{"@type":"PropertyValueSpecification","valueRequired":true,"valueName":"search_term_string"}}],"inLanguage":"fr-FR"}]}},"_links":{"self":[{"href":"https:\/\/krups.ca\/fr\/wp-json\/wp\/v2\/pages\/9861","targetHints":{"allow":["GET"]}}],"collection":[{"href":"https:\/\/krups.ca\/fr\/wp-json\/wp\/v2\/pages"}],"about":[{"href":"https:\/\/krups.ca\/fr\/wp-json\/wp\/v2\/types\/page"}],"author":[{"embeddable":true,"href":"https:\/\/krups.ca\/fr\/wp-json\/wp\/v2\/users\/1"}],"replies":[{"embeddable":true,"href":"https:\/\/krups.ca\/fr\/wp-json\/wp\/v2\/comments?post=9861"}],"version-history":[{"count":2,"href":"https:\/\/krups.ca\/fr\/wp-json\/wp\/v2\/pages\/9861\/revisions"}],"predecessor-version":[{"id":9872,"href":"https:\/\/krups.ca\/fr\/wp-json\/wp\/v2\/pages\/9861\/revisions\/9872"}],"wp:attachment":[{"href":"https:\/\/krups.ca\/fr\/wp-json\/wp\/v2\/media?parent=9861"}],"curies":[{"name":"wp","href":"https:\/\/api.w.org\/{rel}","templated":true}]}}