{"id":9863,"date":"2017-08-15T16:09:25","date_gmt":"2017-08-15T16:09:25","guid":{"rendered":"https:\/\/krups.ca\/?page_id=9863\/"},"modified":"2017-09-15T14:07:15","modified_gmt":"2017-09-15T14:07:15","slug":"terms-of-use","status":"publish","type":"page","link":"https:\/\/krups.ca\/fr\/terms-of-use\/","title":{"rendered":"Conditions g\u00e9n\u00e9rales d&rsquo;utilisation"},"content":{"rendered":"<p>[vc_row css_animation=\u00a0\u00bb\u00a0\u00bb row_type=\u00a0\u00bbrow\u00a0\u00bb use_row_as_full_screen_section=\u00a0\u00bbno\u00a0\u00bb type=\u00a0\u00bbfull_width\u00a0\u00bb angled_section=\u00a0\u00bbno\u00a0\u00bb text_align=\u00a0\u00bbleft\u00a0\u00bb background_image_as_pattern=\u00a0\u00bbwithout_pattern\u00a0\u00bb background_color=\u00a0\u00bb#ffffff\u00a0\u00bb padding_top=\u00a0\u00bb40&Prime; padding_bottom=\u00a0\u00bb40&Prime;][vc_column][vc_row_inner row_type=\u00a0\u00bbrow\u00a0\u00bb type=\u00a0\u00bbfull_width\u00a0\u00bb text_align=\u00a0\u00bbleft\u00a0\u00bb css_animation=\u00a0\u00bb\u00a0\u00bb css=\u00a0\u00bb.vc_custom_1501094513953{padding-right: 60px !important;padding-left: 60px !important;}\u00a0\u00bb][vc_column_inner][vc_separator type=\u00a0\u00bbtransparent\u00a0\u00bb][vc_column_text]<\/p>\n<p><strong>1. Pr\u00e9ambule<\/strong><\/p>\n<p>Le pr\u00e9sent site Internet, accessible \u00e0 l&rsquo;adresse <a href=\"http:\/\/www.tefal.fr\/\">www.Krups.ca<\/a> (ci-apr\u00e8s d\u00e9nomm\u00e9 le \u00ab\u00a0site Internet\u00a0\u00bb) permet aux visiteurs de visualiser les informations contenues sur le site Internet et de commander des biens et\/ou des services conform\u00e9ment aux Conditions g\u00e9n\u00e9rales de vente applicables.<\/p>\n<p>Avant d&rsquo;acc\u00e9der au site Internet, veuillez lire attentivement les pr\u00e9sentes conditions d&rsquo;utilisation (ci-apr\u00e8s d\u00e9nomm\u00e9es les \u00ab\u00a0conditions g\u00e9n\u00e9rales d&rsquo;utilisation\u00a0\u00bb), qui d\u00e9crivent les conditions g\u00e9n\u00e9rales applicables \u00e0 l&rsquo;utilisation du site Internet.<\/p>\n<p>Les conditions d&rsquo;utilisation constituent un contrat entre les soci\u00e9t\u00e9s du GROUPE SEB CANADA (ci-apr\u00e8s \u00ab\u00a0Nous\u00a0\u00bb, \u00ab\u00a0Notre\u00a0\u00bb) et chaque utilisateur Internet acc\u00e9dant, navigant ou visitant le site Internet (ci-apr\u00e8s \u00ab\u00a0Vous\u00a0\u00bb, \u00ab\u00a0Votre\u00a0\u00bb).<\/p>\n<p><strong>2. Acceptation des pr\u00e9sentes Conditions g\u00e9n\u00e9rales d&rsquo;utilisation<\/strong><\/p>\n<p>En acc\u00e9dant et\/ou en utilisant notre site Internet, vous acceptez de respecter les pr\u00e9sentes conditions g\u00e9n\u00e9rales d&rsquo;utilisation, ainsi que toutes les conditions qu&rsquo;elles contiennent ou auxquelles elles font r\u00e9f\u00e9rence.<\/p>\n<p>Si vous refusez de respecter l&rsquo;int\u00e9gralit\u00e9 ou une partie des obligations ou conditions contenues dans les pr\u00e9sentes conditions g\u00e9n\u00e9rales d&rsquo;utilisation, merci de ne pas utiliser le site Internet.<\/p>\n<p><strong>3. Modification du site Internet et des Conditions g\u00e9n\u00e9rales d&rsquo;utilisation<\/strong><\/p>\n<p>Nous nous r\u00e9servons le droit de modifier, partiellement ou int\u00e9gralement, le site Internet et\/ou les pr\u00e9sentes conditions g\u00e9n\u00e9rales d&rsquo;utilisation \u00e0 tout moment, et ce sans pr\u00e9avis. Vous \u00eates tenu de lire et de v\u00e9rifier r\u00e9guli\u00e8rement les conditions g\u00e9n\u00e9rales d&rsquo;utilisation, ainsi que l&rsquo;ensemble des conditions auxquelles elles font r\u00e9f\u00e9rence, afin de vous assurer d&rsquo;\u00eatre constamment inform\u00e9 des conditions qui vous concernent.<\/p>\n<p>Le fait de continuer \u00e0 utiliser le site Internet apr\u00e8s que les conditions g\u00e9n\u00e9rales d&rsquo;utilisation ou les caract\u00e9ristiques du site Internet aient \u00e9t\u00e9 modifi\u00e9es confirmera votre acceptation de telles modifications.<\/p>\n<p><strong>4. Propri\u00e9t\u00e9 intellectuelle<\/strong><\/p>\n<p>L&rsquo;ensemble des \u00e9l\u00e9ments qui composent le site Internet, y compris notamment les textes, photographies, illustrations, vid\u00e9os, sons, dessins, apparence, structure, concepts, solutions techniques et graphiques, bases de donn\u00e9es, logiciels, codes sources, qu&rsquo;ils soient mis \u00e0 disposition sur le site Internet et\/ou qu&rsquo;ils transitent via le site Internet, sont notre propri\u00e9t\u00e9 exclusive.<\/p>\n<p>Les logos et autres signes distinctifs contenus sur le site Internet sont prot\u00e9g\u00e9s au titre du droit des marques par les soci\u00e9t\u00e9s du Groupe SEB. La marque de commerce KRUPS est la propri\u00e9t\u00e9 de Tefal S.A.S., une soci\u00e9t\u00e9 du Groupe SEB.<\/p>\n<p>Toute reproduction, repr\u00e9sentation, adaptation, modification, publication, transmission, alt\u00e9ration, int\u00e9gration dans un autre site Internet, exploitation commerciale et\/ou r\u00e9utilisation totale ou partielle du site Internet ou de l&rsquo;un de ses \u00e9l\u00e9ments, par quelque moyen que ce soit et sur tout support, quel qu&rsquo;il soit, est strictement interdite.<\/p>\n<p>Toute utilisation non autoris\u00e9e du site Internet ou de son contenu, ainsi que des informations fournies engagera la responsabilit\u00e9 des utilisateurs et constituera une violation des droits de propri\u00e9t\u00e9 intellectuelle punissable par les lois et r\u00e9glementations applicables, y compris notamment les lois et r\u00e9glementations sur le droit d&rsquo;auteur et autres propri\u00e9t\u00e9s intellectuelles.<\/p>\n<p>Toute repr\u00e9sentation et\/ou reproduction et\/ou exploitation totale ou partielle des marques de commerce constituera une violation des droits de propri\u00e9t\u00e9 intellectuelle punissable par les lois et r\u00e9glementations applicables, y compris notamment les lois et r\u00e9glementations sur les marques de commerce et autres propri\u00e9t\u00e9s intellectuelles. Cette condition s&rsquo;applique \u00e9galement \u00e0 toutes les bases de donn\u00e9es contenues sur le site Internet et prot\u00e9g\u00e9es par les dispositions des lois et r\u00e9glementations applicables notamment les lois et r\u00e9glementations sur les bases de donn\u00e9es. Toute reproduction ou extraction du site Internet engagera la responsabilit\u00e9 des utilisateurs.<\/p>\n<p>Les dispositions de ces lois et r\u00e9glementations ne font pas obstacle \u00e0 toute autre mesure r\u00e9pressive contre les personnes responsables d&rsquo;une quelconque utilisation du site Internet ou de son contenu.<\/p>\n<p><strong>5. Responsabilit\u00e9 et acc\u00e8s au site Internet<\/strong><\/p>\n<p>Toutes les donn\u00e9es, informations et publications accessibles ou pouvant \u00eatre t\u00e9l\u00e9charg\u00e9es \u00e0 partir du site Internet sont fournies \u00e0 titre d&rsquo;information et ne sont pas exhaustives. Nous ne garantissons pas l&rsquo;exactitude, l&rsquo;int\u00e9gralit\u00e9 ou l&rsquo;actualit\u00e9 des informations fournies sur le site Internet. Les informations figurant sur le site Internet peuvent contenir des erreurs ou des inexactitudes techniques, ainsi que des erreurs typographiques. Ces informations peuvent \u00eatre p\u00e9riodiquement modifi\u00e9es et les modifications seront int\u00e9gr\u00e9es dans les nouvelles versions du site Internet.<\/p>\n<p>Nous ne pouvons pas garantir que le site Internet sera totalement exempt d&rsquo;anomalies, d&rsquo;erreurs ou de bogues, ni que ceux-ci seront corrig\u00e9s, ou que le site Internet fonctionnera sans interruption ni d\u00e9faillance, ou encore qu&rsquo;il sera compatible avec tout type de mat\u00e9riel.<\/p>\n<p>Vous reconnaissez avoir les comp\u00e9tences, les ressources et le savoir-faire n\u00e9cessaires pour utiliser le site Internet. Vous reconnaissez \u00e9galement \u00eatre enti\u00e8rement responsable de la conservation, de la s\u00e9curit\u00e9 et de l&rsquo;int\u00e9grit\u00e9 de vos donn\u00e9es, votre mat\u00e9riel et vos logiciels lorsque vous acc\u00e9dez au site Internet.<\/p>\n<p>Ni notre soci\u00e9t\u00e9, ni aucune des soci\u00e9t\u00e9s affili\u00e9es du Groupe SEB, ne sera tenue responsable d&rsquo;\u00e9ventuels dommages directs ou indirects r\u00e9sultant de l&rsquo;utilisation du site Internet, du contenu du site Internet ou de tout autre \u00e9l\u00e9ment pr\u00e9sent sur les serveurs d&rsquo;h\u00e9bergement du site Internet.<\/p>\n<p>Nous nous r\u00e9servons le droit de modifier, r\u00e9silier, suspendre ou interrompre \u00e0 tout moment et sans pr\u00e9avis, pour quelque raison que ce soit et \u00e0 notre seule discr\u00e9tion, l&rsquo;acc\u00e8s \u00e0 l&rsquo;int\u00e9gralit\u00e9 ou \u00e0 une partie du site Internet, y compris notamment son contenu, ses fonctionnalit\u00e9s et les horaires de sa disponibilit\u00e9, et ce sans pr\u00e9avis. Nous d\u00e9clinons par cons\u00e9quent toute responsabilit\u00e9 en cas d&rsquo;indisponibilit\u00e9 du site Internet.<\/p>\n<p>Si vous avez des remarques ou des suggestions concernant le site Internet, veuillez contacter le webmestre.<\/p>\n<p><strong>6. Achats \u2013 Conditions g\u00e9n\u00e9rales de vente<\/strong><\/p>\n<p>Vous pouvez effectuer des achats en ligne depuis la Boutique d\u2019accessoires du site Internet. Tout achat r\u00e9alis\u00e9 depuis la Boutique d\u2019accessoires est effectu\u00e9 \u00e0 partir du service international de SEB, conform\u00e9ment aux Conditions g\u00e9n\u00e9rales de vente. Pour plus d&rsquo;informations, reportez-vous \u00e0 ces Conditions g\u00e9n\u00e9rales de vente.<\/p>\n<p><strong>7. Liens vers d&rsquo;autres sites Internet<\/strong><\/p>\n<p>Le site Internet pr\u00e9sente des liens hypertextes vers d&rsquo;autres sites Internet. Nous ne sommes pas les op\u00e9rateurs de ces sites Internet et ne g\u00e9rons pas leur contenu. Par cons\u00e9quent, nous ne pouvons \u00eatre tenus responsables du contenu des sites Internet, ni de la collecte et de la transmission des donn\u00e9es personnelles, de l&rsquo;installation de t\u00e9moins (cookies), ou de tout autre processus ayant le m\u00eame objet, r\u00e9alis\u00e9 par ces sites Internet.<\/p>\n<p><strong>8. Protection des donn\u00e9es<\/strong><\/p>\n<p>Toutes les donn\u00e9es personnelles diffus\u00e9es ou recueillies via le site Internet doivent \u00eatre utilis\u00e9es conform\u00e9ment \u00e0 notre politique de confidentialit\u00e9 publi\u00e9e sur le site Internet.<\/p>\n<p>Veuillez vous reporter \u00e0 notre politique de confidentialit\u00e9 pour plus d&rsquo;informations sur la mani\u00e8re dont nous recueillons et traitons vos donn\u00e9es.<\/p>\n<p><strong>9. Droit applicable \u2013 r\u00e8glement des litiges<\/strong><\/p>\n<p>Les pr\u00e9sentes conditions g\u00e9n\u00e9rales d&rsquo;utilisation sont r\u00e9gies par le droit canadien. Tout litige sera r\u00e9gl\u00e9 exclusivement par les tribunaux canadiens.[\/vc_column_text][\/vc_column_inner][\/vc_row_inner][\/vc_column][\/vc_row][vc_row css_animation=\u00a0\u00bb\u00a0\u00bb row_type=\u00a0\u00bbrow\u00a0\u00bb use_row_as_full_screen_section=\u00a0\u00bbno\u00a0\u00bb type=\u00a0\u00bbfull_width\u00a0\u00bb angled_section=\u00a0\u00bbno\u00a0\u00bb text_align=\u00a0\u00bbleft\u00a0\u00bb background_image_as_pattern=\u00a0\u00bbwithout_pattern\u00a0\u00bb][vc_column][vc_empty_space][\/vc_column][\/vc_row]<\/p>\n","protected":false},"excerpt":{"rendered":"<p>[vc_row css_animation=\u00a0\u00bb\u00a0\u00bb row_type=\u00a0\u00bbrow\u00a0\u00bb use_row_as_full_screen_section=\u00a0\u00bbno\u00a0\u00bb type=\u00a0\u00bbfull_width\u00a0\u00bb angled_section=\u00a0\u00bbno\u00a0\u00bb text_align=\u00a0\u00bbleft\u00a0\u00bb background_image_as_pattern=\u00a0\u00bbwithout_pattern\u00a0\u00bb background_color=\u00a0\u00bb#ffffff\u00a0\u00bb padding_top=\u00a0\u00bb40&Prime; padding_bottom=\u00a0\u00bb40&Prime;][vc_column][vc_row_inner row_type=\u00a0\u00bbrow\u00a0\u00bb type=\u00a0\u00bbfull_width\u00a0\u00bb text_align=\u00a0\u00bbleft\u00a0\u00bb css_animation=\u00a0\u00bb\u00a0\u00bb css=\u00a0\u00bb.vc_custom_1501094513953{padding-right: 60px !important;padding-left: 60px !important;}\u00a0\u00bb][vc_column_inner][vc_separator type=\u00a0\u00bbtransparent\u00a0\u00bb][vc_column_text] 1. Pr\u00e9ambule Le pr\u00e9sent site Internet, accessible \u00e0 l&rsquo;adresse www.Krups.ca (ci-apr\u00e8s d\u00e9nomm\u00e9 le \u00ab\u00a0site Internet\u00a0\u00bb) permet aux visiteurs de visualiser les informations contenues sur&#8230;<\/p>\n","protected":false},"author":1,"featured_media":0,"parent":0,"menu_order":2,"comment_status":"closed","ping_status":"closed","template":"","meta":{"_acf_changed":false,"footnotes":""},"class_list":["post-9863","page","type-page","status-publish","hentry"],"acf":[],"yoast_head":"<!-- This site is optimized with the Yoast SEO plugin v27.1.1 - https:\/\/yoast.com\/product\/yoast-seo-wordpress\/ -->\n<title>Conditions g\u00e9n\u00e9rales d&#039;utilisation | KRUPS<\/title>\n<meta name=\"robots\" content=\"index, follow, max-snippet:-1, max-image-preview:large, max-video-preview:-1\" \/>\n<link rel=\"canonical\" href=\"https:\/\/krups.ca\/fr\/terms-of-use\/\" \/>\n<meta property=\"og:locale\" content=\"fr_FR\" \/>\n<meta property=\"og:type\" content=\"article\" \/>\n<meta property=\"og:title\" content=\"Conditions g\u00e9n\u00e9rales d&#039;utilisation | KRUPS\" \/>\n<meta property=\"og:description\" content=\"[vc_row css_animation=\u00a0\u00bb\u00a0\u00bb row_type=\u00a0\u00bbrow\u00a0\u00bb use_row_as_full_screen_section=\u00a0\u00bbno\u00a0\u00bb type=\u00a0\u00bbfull_width\u00a0\u00bb angled_section=\u00a0\u00bbno\u00a0\u00bb text_align=\u00a0\u00bbleft\u00a0\u00bb background_image_as_pattern=\u00a0\u00bbwithout_pattern\u00a0\u00bb background_color=\u00a0\u00bb#ffffff\u00a0\u00bb padding_top=\u00a0\u00bb40&Prime; padding_bottom=\u00a0\u00bb40&Prime;][vc_column][vc_row_inner row_type=\u00a0\u00bbrow\u00a0\u00bb type=\u00a0\u00bbfull_width\u00a0\u00bb text_align=\u00a0\u00bbleft\u00a0\u00bb css_animation=\u00a0\u00bb\u00a0\u00bb css=\u00a0\u00bb.vc_custom_1501094513953{padding-right: 60px !important;padding-left: 60px !important;}\u00a0\u00bb][vc_column_inner][vc_separator type=\u00a0\u00bbtransparent\u00a0\u00bb][vc_column_text] 1. Pr\u00e9ambule Le pr\u00e9sent site Internet, accessible \u00e0 l&rsquo;adresse www.Krups.ca (ci-apr\u00e8s d\u00e9nomm\u00e9 le \u00ab\u00a0site Internet\u00a0\u00bb) permet aux visiteurs de visualiser les informations contenues sur...\" \/>\n<meta property=\"og:url\" content=\"https:\/\/krups.ca\/fr\/terms-of-use\/\" \/>\n<meta property=\"og:site_name\" content=\"KRUPS\" \/>\n<meta property=\"article:modified_time\" content=\"2017-09-15T14:07:15+00:00\" \/>\n<meta name=\"twitter:card\" content=\"summary_large_image\" \/>\n<meta name=\"twitter:label1\" content=\"Dur\u00e9e de lecture estim\u00e9e\" \/>\n\t<meta name=\"twitter:data1\" content=\"7 minutes\" \/>\n<script type=\"application\/ld+json\" class=\"yoast-schema-graph\">{\"@context\":\"https:\/\/schema.org\",\"@graph\":[{\"@type\":\"WebPage\",\"@id\":\"https:\/\/krups.ca\/fr\/terms-of-use\/\",\"url\":\"https:\/\/krups.ca\/fr\/terms-of-use\/\",\"name\":\"Conditions g\u00e9n\u00e9rales d'utilisation | KRUPS\",\"isPartOf\":{\"@id\":\"https:\/\/krups.ca\/#website\"},\"datePublished\":\"2017-08-15T16:09:25+00:00\",\"dateModified\":\"2017-09-15T14:07:15+00:00\",\"breadcrumb\":{\"@id\":\"https:\/\/krups.ca\/fr\/terms-of-use\/#breadcrumb\"},\"inLanguage\":\"fr-FR\",\"potentialAction\":[{\"@type\":\"ReadAction\",\"target\":[\"https:\/\/krups.ca\/fr\/terms-of-use\/\"]}]},{\"@type\":\"BreadcrumbList\",\"@id\":\"https:\/\/krups.ca\/fr\/terms-of-use\/#breadcrumb\",\"itemListElement\":[{\"@type\":\"ListItem\",\"position\":1,\"name\":\"Home\",\"item\":\"https:\/\/krups.ca\/fr\/\"},{\"@type\":\"ListItem\",\"position\":2,\"name\":\"Conditions g\u00e9n\u00e9rales d&#8217;utilisation\"}]},{\"@type\":\"WebSite\",\"@id\":\"https:\/\/krups.ca\/#website\",\"url\":\"https:\/\/krups.ca\/\",\"name\":\"KRUPS\",\"description\":\"Krups Canada\",\"potentialAction\":[{\"@type\":\"SearchAction\",\"target\":{\"@type\":\"EntryPoint\",\"urlTemplate\":\"https:\/\/krups.ca\/?s={search_term_string}\"},\"query-input\":{\"@type\":\"PropertyValueSpecification\",\"valueRequired\":true,\"valueName\":\"search_term_string\"}}],\"inLanguage\":\"fr-FR\"}]}<\/script>\n<!-- \/ Yoast SEO plugin. -->","yoast_head_json":{"title":"Conditions g\u00e9n\u00e9rales d'utilisation | KRUPS","robots":{"index":"index","follow":"follow","max-snippet":"max-snippet:-1","max-image-preview":"max-image-preview:large","max-video-preview":"max-video-preview:-1"},"canonical":"https:\/\/krups.ca\/fr\/terms-of-use\/","og_locale":"fr_FR","og_type":"article","og_title":"Conditions g\u00e9n\u00e9rales d'utilisation | KRUPS","og_description":"[vc_row css_animation=\u00a0\u00bb\u00a0\u00bb row_type=\u00a0\u00bbrow\u00a0\u00bb use_row_as_full_screen_section=\u00a0\u00bbno\u00a0\u00bb type=\u00a0\u00bbfull_width\u00a0\u00bb angled_section=\u00a0\u00bbno\u00a0\u00bb text_align=\u00a0\u00bbleft\u00a0\u00bb background_image_as_pattern=\u00a0\u00bbwithout_pattern\u00a0\u00bb background_color=\u00a0\u00bb#ffffff\u00a0\u00bb padding_top=\u00a0\u00bb40&Prime; padding_bottom=\u00a0\u00bb40&Prime;][vc_column][vc_row_inner row_type=\u00a0\u00bbrow\u00a0\u00bb type=\u00a0\u00bbfull_width\u00a0\u00bb text_align=\u00a0\u00bbleft\u00a0\u00bb css_animation=\u00a0\u00bb\u00a0\u00bb css=\u00a0\u00bb.vc_custom_1501094513953{padding-right: 60px !important;padding-left: 60px !important;}\u00a0\u00bb][vc_column_inner][vc_separator type=\u00a0\u00bbtransparent\u00a0\u00bb][vc_column_text] 1. Pr\u00e9ambule Le pr\u00e9sent site Internet, accessible \u00e0 l&rsquo;adresse www.Krups.ca (ci-apr\u00e8s d\u00e9nomm\u00e9 le \u00ab\u00a0site Internet\u00a0\u00bb) permet aux visiteurs de visualiser les informations contenues sur...","og_url":"https:\/\/krups.ca\/fr\/terms-of-use\/","og_site_name":"KRUPS","article_modified_time":"2017-09-15T14:07:15+00:00","twitter_card":"summary_large_image","twitter_misc":{"Dur\u00e9e de lecture estim\u00e9e":"7 minutes"},"schema":{"@context":"https:\/\/schema.org","@graph":[{"@type":"WebPage","@id":"https:\/\/krups.ca\/fr\/terms-of-use\/","url":"https:\/\/krups.ca\/fr\/terms-of-use\/","name":"Conditions g\u00e9n\u00e9rales d'utilisation | KRUPS","isPartOf":{"@id":"https:\/\/krups.ca\/#website"},"datePublished":"2017-08-15T16:09:25+00:00","dateModified":"2017-09-15T14:07:15+00:00","breadcrumb":{"@id":"https:\/\/krups.ca\/fr\/terms-of-use\/#breadcrumb"},"inLanguage":"fr-FR","potentialAction":[{"@type":"ReadAction","target":["https:\/\/krups.ca\/fr\/terms-of-use\/"]}]},{"@type":"BreadcrumbList","@id":"https:\/\/krups.ca\/fr\/terms-of-use\/#breadcrumb","itemListElement":[{"@type":"ListItem","position":1,"name":"Home","item":"https:\/\/krups.ca\/fr\/"},{"@type":"ListItem","position":2,"name":"Conditions g\u00e9n\u00e9rales d&#8217;utilisation"}]},{"@type":"WebSite","@id":"https:\/\/krups.ca\/#website","url":"https:\/\/krups.ca\/","name":"KRUPS","description":"Krups Canada","potentialAction":[{"@type":"SearchAction","target":{"@type":"EntryPoint","urlTemplate":"https:\/\/krups.ca\/?s={search_term_string}"},"query-input":{"@type":"PropertyValueSpecification","valueRequired":true,"valueName":"search_term_string"}}],"inLanguage":"fr-FR"}]}},"_links":{"self":[{"href":"https:\/\/krups.ca\/fr\/wp-json\/wp\/v2\/pages\/9863","targetHints":{"allow":["GET"]}}],"collection":[{"href":"https:\/\/krups.ca\/fr\/wp-json\/wp\/v2\/pages"}],"about":[{"href":"https:\/\/krups.ca\/fr\/wp-json\/wp\/v2\/types\/page"}],"author":[{"embeddable":true,"href":"https:\/\/krups.ca\/fr\/wp-json\/wp\/v2\/users\/1"}],"replies":[{"embeddable":true,"href":"https:\/\/krups.ca\/fr\/wp-json\/wp\/v2\/comments?post=9863"}],"version-history":[{"count":6,"href":"https:\/\/krups.ca\/fr\/wp-json\/wp\/v2\/pages\/9863\/revisions"}],"predecessor-version":[{"id":9870,"href":"https:\/\/krups.ca\/fr\/wp-json\/wp\/v2\/pages\/9863\/revisions\/9870"}],"wp:attachment":[{"href":"https:\/\/krups.ca\/fr\/wp-json\/wp\/v2\/media?parent=9863"}],"curies":[{"name":"wp","href":"https:\/\/api.w.org\/{rel}","templated":true}]}}