{"id":9642,"date":"2017-08-03T23:44:28","date_gmt":"2017-08-03T23:44:28","guid":{"rendered":"https:\/\/krups.ca\/fr\/?post_type=product&#038;p=9642"},"modified":"2017-09-13T19:55:25","modified_gmt":"2017-09-13T19:55:25","slug":"cafetiere-programmable-savoy-en-acier-inodydable-thermale-de-12-tasses-de-krups","status":"publish","type":"product","link":"https:\/\/krups.ca\/fr\/product\/cafetiere-programmable-savoy-en-acier-inodydable-thermale-de-12-tasses-de-krups\/","title":{"rendered":"CAFETI\u00c8RE PROGRAMMABLE SAVOY EN ACIER INODYDABLE THERMALE DE 12 TASSES DE KRUPS"},"content":{"rendered":"<p>La cafeti\u00e8re SAVOY est une cafeti\u00e8re robuste et intuitive dot\u00e9e d&rsquo;une carafe thermique permettant de profiter pendant des heures d&rsquo;un caf\u00e9 riche et satisfaisant, \u00e0 la temp\u00e9rature parfaite. En plus de se distinguer par son allure \u00e9l\u00e9gante, cette cafeti\u00e8re noire et en acier inoxydable rec\u00e8le des caract\u00e9ristiques avanc\u00e9es vous assurant un caf\u00e9 exceptionnel dont vous go\u00fbterez toute la diff\u00e9rence.<\/p>\n","protected":false},"excerpt":{"rendered":"<p><span style=\"color: #f18031; font-size: 24px; font-family: Libre Baskerville;\"><em>Donner un meilleur go\u00fbt au quotidien<\/em><\/span><br \/>\nLa diff\u00e9rence se go\u00fbte. Obtenir la temp\u00e9rature id\u00e9ale dans la tasse est essentiel pour profiter de toute l\u2019intensit\u00e9 de votre caf\u00e9, ainsi que de sa saveur riche et satisfaisante. La cafeti\u00e8re SAVOY est une cafeti\u00e8re robuste et intuitive dot\u00e9e d&#039;une carafe thermique permettant de profiter pendant des heures d&#039;un caf\u00e9 riche et satisfaisant \u00e0 la temp\u00e9rature parfaite. En plus de se distinguer par son allure \u00e9l\u00e9gante, cette cafeti\u00e8re noire et en acier inoxydable rec\u00e8le des caract\u00e9ristiques avanc\u00e9es vous assurant un caf\u00e9 exceptionnel dont vous go\u00fbterez toute la diff\u00e9rence.<\/p>\n","protected":false},"featured_media":9706,"comment_status":"open","ping_status":"closed","template":"","meta":{"_acf_changed":false},"product_brand":[],"product_cat":[14133],"product_tag":[],"class_list":{"0":"post-9642","1":"product","2":"type-product","3":"status-publish","4":"has-post-thumbnail","6":"product_cat-machines-a-cafe","8":"first","9":"instock","10":"shipping-taxable","11":"product-type-simple"},"acf":[],"yoast_head":"<!-- This site is optimized with the Yoast SEO plugin v27.1.1 - https:\/\/yoast.com\/product\/yoast-seo-wordpress\/ -->\n<title>CAFETI\u00c8RE PROGRAMMABLE SAVOY EN ACIER INODYDABLE THERMALE DE 12 TASSES DE KRUPS | KRUPS<\/title>\n<meta name=\"robots\" content=\"index, follow, max-snippet:-1, max-image-preview:large, max-video-preview:-1\" \/>\n<link rel=\"canonical\" href=\"https:\/\/krups.ca\/fr\/product\/cafetiere-programmable-savoy-en-acier-inodydable-thermale-de-12-tasses-de-krups\/\" \/>\n<meta property=\"og:locale\" content=\"fr_FR\" \/>\n<meta property=\"og:type\" content=\"article\" \/>\n<meta property=\"og:title\" content=\"CAFETI\u00c8RE PROGRAMMABLE SAVOY EN ACIER INODYDABLE THERMALE DE 12 TASSES DE KRUPS | KRUPS\" \/>\n<meta property=\"og:description\" content=\"Donner un meilleur go\u00fbt au quotidien La diff\u00e9rence se go\u00fbte. Obtenir la temp\u00e9rature id\u00e9ale dans la tasse est essentiel pour profiter de toute l\u2019intensit\u00e9 de votre caf\u00e9, ainsi que de sa saveur riche et satisfaisante. La cafeti\u00e8re SAVOY est une cafeti\u00e8re robuste et intuitive dot\u00e9e d&#039;une carafe thermique permettant de profiter pendant des heures d&#039;un caf\u00e9 riche et satisfaisant \u00e0 la temp\u00e9rature parfaite. En plus de se distinguer par son allure \u00e9l\u00e9gante, cette cafeti\u00e8re noire et en acier inoxydable rec\u00e8le des caract\u00e9ristiques avanc\u00e9es vous assurant un caf\u00e9 exceptionnel dont vous go\u00fbterez toute la diff\u00e9rence.\" \/>\n<meta property=\"og:url\" content=\"https:\/\/krups.ca\/fr\/product\/cafetiere-programmable-savoy-en-acier-inodydable-thermale-de-12-tasses-de-krups\/\" \/>\n<meta property=\"og:site_name\" content=\"KRUPS\" \/>\n<meta property=\"article:modified_time\" content=\"2017-09-13T19:55:25+00:00\" \/>\n<meta property=\"og:image\" content=\"https:\/\/krups.ca\/wp-content\/uploads\/2017\/08\/medias-1-1.png\" \/>\n\t<meta property=\"og:image:width\" content=\"366\" \/>\n\t<meta property=\"og:image:height\" content=\"630\" \/>\n\t<meta property=\"og:image:type\" content=\"image\/png\" \/>\n<meta name=\"twitter:card\" content=\"summary_large_image\" \/>\n<script type=\"application\/ld+json\" class=\"yoast-schema-graph\">{\"@context\":\"https:\/\/schema.org\",\"@graph\":[{\"@type\":\"WebPage\",\"@id\":\"https:\/\/krups.ca\/fr\/product\/cafetiere-programmable-savoy-en-acier-inodydable-thermale-de-12-tasses-de-krups\/\",\"url\":\"https:\/\/krups.ca\/fr\/product\/cafetiere-programmable-savoy-en-acier-inodydable-thermale-de-12-tasses-de-krups\/\",\"name\":\"CAFETI\u00c8RE PROGRAMMABLE SAVOY EN ACIER INODYDABLE THERMALE DE 12 TASSES DE KRUPS | KRUPS\",\"isPartOf\":{\"@id\":\"https:\/\/krups.ca\/#website\"},\"primaryImageOfPage\":{\"@id\":\"https:\/\/krups.ca\/fr\/product\/cafetiere-programmable-savoy-en-acier-inodydable-thermale-de-12-tasses-de-krups\/#primaryimage\"},\"image\":{\"@id\":\"https:\/\/krups.ca\/fr\/product\/cafetiere-programmable-savoy-en-acier-inodydable-thermale-de-12-tasses-de-krups\/#primaryimage\"},\"thumbnailUrl\":\"https:\/\/krups.ca\/wp-content\/uploads\/2017\/08\/medias-1-1.png\",\"datePublished\":\"2017-08-03T23:44:28+00:00\",\"dateModified\":\"2017-09-13T19:55:25+00:00\",\"breadcrumb\":{\"@id\":\"https:\/\/krups.ca\/fr\/product\/cafetiere-programmable-savoy-en-acier-inodydable-thermale-de-12-tasses-de-krups\/#breadcrumb\"},\"inLanguage\":\"fr-FR\",\"potentialAction\":[{\"@type\":\"ReadAction\",\"target\":[\"https:\/\/krups.ca\/fr\/product\/cafetiere-programmable-savoy-en-acier-inodydable-thermale-de-12-tasses-de-krups\/\"]}]},{\"@type\":\"ImageObject\",\"inLanguage\":\"fr-FR\",\"@id\":\"https:\/\/krups.ca\/fr\/product\/cafetiere-programmable-savoy-en-acier-inodydable-thermale-de-12-tasses-de-krups\/#primaryimage\",\"url\":\"https:\/\/krups.ca\/wp-content\/uploads\/2017\/08\/medias-1-1.png\",\"contentUrl\":\"https:\/\/krups.ca\/wp-content\/uploads\/2017\/08\/medias-1-1.png\",\"width\":366,\"height\":630},{\"@type\":\"BreadcrumbList\",\"@id\":\"https:\/\/krups.ca\/fr\/product\/cafetiere-programmable-savoy-en-acier-inodydable-thermale-de-12-tasses-de-krups\/#breadcrumb\",\"itemListElement\":[{\"@type\":\"ListItem\",\"position\":1,\"name\":\"Home\",\"item\":\"https:\/\/krups.ca\/fr\/\"},{\"@type\":\"ListItem\",\"position\":2,\"name\":\"Products\",\"item\":\"https:\/\/krups.ca\/shop\/\"},{\"@type\":\"ListItem\",\"position\":3,\"name\":\"CAFETI\u00c8RE PROGRAMMABLE SAVOY EN ACIER INODYDABLE THERMALE DE 12 TASSES DE KRUPS\"}]},{\"@type\":\"WebSite\",\"@id\":\"https:\/\/krups.ca\/#website\",\"url\":\"https:\/\/krups.ca\/\",\"name\":\"KRUPS\",\"description\":\"Krups Canada\",\"potentialAction\":[{\"@type\":\"SearchAction\",\"target\":{\"@type\":\"EntryPoint\",\"urlTemplate\":\"https:\/\/krups.ca\/?s={search_term_string}\"},\"query-input\":{\"@type\":\"PropertyValueSpecification\",\"valueRequired\":true,\"valueName\":\"search_term_string\"}}],\"inLanguage\":\"fr-FR\"}]}<\/script>\n<!-- \/ Yoast SEO plugin. -->","yoast_head_json":{"title":"CAFETI\u00c8RE PROGRAMMABLE SAVOY EN ACIER INODYDABLE THERMALE DE 12 TASSES DE KRUPS | KRUPS","robots":{"index":"index","follow":"follow","max-snippet":"max-snippet:-1","max-image-preview":"max-image-preview:large","max-video-preview":"max-video-preview:-1"},"canonical":"https:\/\/krups.ca\/fr\/product\/cafetiere-programmable-savoy-en-acier-inodydable-thermale-de-12-tasses-de-krups\/","og_locale":"fr_FR","og_type":"article","og_title":"CAFETI\u00c8RE PROGRAMMABLE SAVOY EN ACIER INODYDABLE THERMALE DE 12 TASSES DE KRUPS | KRUPS","og_description":"Donner un meilleur go\u00fbt au quotidien La diff\u00e9rence se go\u00fbte. Obtenir la temp\u00e9rature id\u00e9ale dans la tasse est essentiel pour profiter de toute l\u2019intensit\u00e9 de votre caf\u00e9, ainsi que de sa saveur riche et satisfaisante. La cafeti\u00e8re SAVOY est une cafeti\u00e8re robuste et intuitive dot\u00e9e d&#039;une carafe thermique permettant de profiter pendant des heures d&#039;un caf\u00e9 riche et satisfaisant \u00e0 la temp\u00e9rature parfaite. En plus de se distinguer par son allure \u00e9l\u00e9gante, cette cafeti\u00e8re noire et en acier inoxydable rec\u00e8le des caract\u00e9ristiques avanc\u00e9es vous assurant un caf\u00e9 exceptionnel dont vous go\u00fbterez toute la diff\u00e9rence.","og_url":"https:\/\/krups.ca\/fr\/product\/cafetiere-programmable-savoy-en-acier-inodydable-thermale-de-12-tasses-de-krups\/","og_site_name":"KRUPS","article_modified_time":"2017-09-13T19:55:25+00:00","og_image":[{"width":366,"height":630,"url":"https:\/\/krups.ca\/wp-content\/uploads\/2017\/08\/medias-1-1.png","type":"image\/png"}],"twitter_card":"summary_large_image","schema":{"@context":"https:\/\/schema.org","@graph":[{"@type":"WebPage","@id":"https:\/\/krups.ca\/fr\/product\/cafetiere-programmable-savoy-en-acier-inodydable-thermale-de-12-tasses-de-krups\/","url":"https:\/\/krups.ca\/fr\/product\/cafetiere-programmable-savoy-en-acier-inodydable-thermale-de-12-tasses-de-krups\/","name":"CAFETI\u00c8RE PROGRAMMABLE SAVOY EN ACIER INODYDABLE THERMALE DE 12 TASSES DE KRUPS | KRUPS","isPartOf":{"@id":"https:\/\/krups.ca\/#website"},"primaryImageOfPage":{"@id":"https:\/\/krups.ca\/fr\/product\/cafetiere-programmable-savoy-en-acier-inodydable-thermale-de-12-tasses-de-krups\/#primaryimage"},"image":{"@id":"https:\/\/krups.ca\/fr\/product\/cafetiere-programmable-savoy-en-acier-inodydable-thermale-de-12-tasses-de-krups\/#primaryimage"},"thumbnailUrl":"https:\/\/krups.ca\/wp-content\/uploads\/2017\/08\/medias-1-1.png","datePublished":"2017-08-03T23:44:28+00:00","dateModified":"2017-09-13T19:55:25+00:00","breadcrumb":{"@id":"https:\/\/krups.ca\/fr\/product\/cafetiere-programmable-savoy-en-acier-inodydable-thermale-de-12-tasses-de-krups\/#breadcrumb"},"inLanguage":"fr-FR","potentialAction":[{"@type":"ReadAction","target":["https:\/\/krups.ca\/fr\/product\/cafetiere-programmable-savoy-en-acier-inodydable-thermale-de-12-tasses-de-krups\/"]}]},{"@type":"ImageObject","inLanguage":"fr-FR","@id":"https:\/\/krups.ca\/fr\/product\/cafetiere-programmable-savoy-en-acier-inodydable-thermale-de-12-tasses-de-krups\/#primaryimage","url":"https:\/\/krups.ca\/wp-content\/uploads\/2017\/08\/medias-1-1.png","contentUrl":"https:\/\/krups.ca\/wp-content\/uploads\/2017\/08\/medias-1-1.png","width":366,"height":630},{"@type":"BreadcrumbList","@id":"https:\/\/krups.ca\/fr\/product\/cafetiere-programmable-savoy-en-acier-inodydable-thermale-de-12-tasses-de-krups\/#breadcrumb","itemListElement":[{"@type":"ListItem","position":1,"name":"Home","item":"https:\/\/krups.ca\/fr\/"},{"@type":"ListItem","position":2,"name":"Products","item":"https:\/\/krups.ca\/shop\/"},{"@type":"ListItem","position":3,"name":"CAFETI\u00c8RE PROGRAMMABLE SAVOY EN ACIER INODYDABLE THERMALE DE 12 TASSES DE KRUPS"}]},{"@type":"WebSite","@id":"https:\/\/krups.ca\/#website","url":"https:\/\/krups.ca\/","name":"KRUPS","description":"Krups Canada","potentialAction":[{"@type":"SearchAction","target":{"@type":"EntryPoint","urlTemplate":"https:\/\/krups.ca\/?s={search_term_string}"},"query-input":{"@type":"PropertyValueSpecification","valueRequired":true,"valueName":"search_term_string"}}],"inLanguage":"fr-FR"}]}},"_links":{"self":[{"href":"https:\/\/krups.ca\/fr\/wp-json\/wp\/v2\/product\/9642","targetHints":{"allow":["GET"]}}],"collection":[{"href":"https:\/\/krups.ca\/fr\/wp-json\/wp\/v2\/product"}],"about":[{"href":"https:\/\/krups.ca\/fr\/wp-json\/wp\/v2\/types\/product"}],"replies":[{"embeddable":true,"href":"https:\/\/krups.ca\/fr\/wp-json\/wp\/v2\/comments?post=9642"}],"wp:featuredmedia":[{"embeddable":true,"href":"https:\/\/krups.ca\/fr\/wp-json\/wp\/v2\/media\/9706"}],"wp:attachment":[{"href":"https:\/\/krups.ca\/fr\/wp-json\/wp\/v2\/media?parent=9642"}],"wp:term":[{"taxonomy":"product_brand","embeddable":true,"href":"https:\/\/krups.ca\/fr\/wp-json\/wp\/v2\/product_brand?post=9642"},{"taxonomy":"product_cat","embeddable":true,"href":"https:\/\/krups.ca\/fr\/wp-json\/wp\/v2\/product_cat?post=9642"},{"taxonomy":"product_tag","embeddable":true,"href":"https:\/\/krups.ca\/fr\/wp-json\/wp\/v2\/product_tag?post=9642"}],"curies":[{"name":"wp","href":"https:\/\/api.w.org\/{rel}","templated":true}]}}