{"id":9654,"date":"2017-08-04T18:19:03","date_gmt":"2017-08-04T18:19:03","guid":{"rendered":"https:\/\/krups.ca\/fr\/?post_type=product&#038;p=9654"},"modified":"2017-09-13T19:59:54","modified_gmt":"2017-09-13T19:59:54","slug":"moulin-electrique-cafe-et-epices","status":"publish","type":"product","link":"https:\/\/krups.ca\/fr\/product\/moulin-electrique-cafe-et-epices\/","title":{"rendered":"Moulin \u00e9lectrique \u00e0 caf\u00e9 et \u00e0 \u00e9pices"},"content":{"rendered":"<p>Moulez du caf\u00e9 frais de fa\u00e7on rapide et efficace gr\u00e2ce au puissant moulin \u00e0 caf\u00e9 KRUPS, un appareil polyvalent qui peut \u00e9galement servir \u00e0 moudre des noix, des graines, des herbes et des \u00e9pices. Avec son design compact et son allure \u00e9l\u00e9gante, ce moulin \u00e0 caf\u00e9 \u00e9lectrique s&rsquo;av\u00e8re une addition pratique \u00e0 toute cuisine.<\/p>\n","protected":false},"excerpt":{"rendered":"<p><span style=\"color: #f18031; font-size: 24px; font-family: Libre Baskerville;\"><em>Du caf\u00e9 fra\u00eechement moulu et plus encore<\/em><\/span><br \/>\nLe caf\u00e9 fra\u00eechement moulu est indispensable pour tout amateur de caf\u00e9. Le moulin \u00e0 caf\u00e9 KRUPS assure des r\u00e9sultats parfaits au terme d&#039;un processus des plus faciles, afin d&#039;offrir un parfum riche et une saveur d\u00e9licieuse. Il vous suffit d&#039;y verser des grains entiers, de bien fermer le couvercle et d&#039;appuyer sur un bouton situ\u00e9 sur le c\u00f4t\u00e9 du couvercle. Obtenez un caf\u00e9 parfaitement moulu quel que soit le type de mouture recherch\u00e9, d&#039;ultra-fin \u00e0 grossier, et go\u00fbtez \u00e0 la diff\u00e9rence : un caf\u00e9 riche et aromatique d\u00e9bordant de saveur. En plus des grains de caf\u00e9, ce moulin s\u00e9curitaire et polyvalent peut servir \u00e0 hacher ou \u00e0 moudre des noix, des graines, des herbes et des \u00e9pices &#8211; ce qui est parfait pour les salades estivales, les entr\u00e9es raffin\u00e9es et les p\u00e2tisseries d\u00e9licates. Avec sa conception compacte et son allure \u00e9l\u00e9gante, ce moulin \u00e0 caf\u00e9 \u00e9lectrique consistue un ajout utile et pratique \u00e0 toute cuisine.<\/p>\n","protected":false},"featured_media":9964,"comment_status":"open","ping_status":"closed","template":"","meta":{"_acf_changed":false},"product_brand":[],"product_cat":[14133],"product_tag":[],"class_list":{"0":"post-9654","1":"product","2":"type-product","3":"status-publish","4":"has-post-thumbnail","6":"product_cat-machines-a-cafe","8":"first","9":"instock","10":"shipping-taxable","11":"product-type-simple"},"acf":[],"yoast_head":"<!-- This site is optimized with the Yoast SEO plugin v27.1.1 - https:\/\/yoast.com\/product\/yoast-seo-wordpress\/ -->\n<title>Moulin \u00e9lectrique \u00e0 caf\u00e9 et \u00e0 \u00e9pices | KRUPS<\/title>\n<meta name=\"robots\" content=\"index, follow, max-snippet:-1, max-image-preview:large, max-video-preview:-1\" \/>\n<link rel=\"canonical\" href=\"https:\/\/krups.ca\/fr\/product\/moulin-electrique-cafe-et-epices\/\" \/>\n<meta property=\"og:locale\" content=\"fr_FR\" \/>\n<meta property=\"og:type\" content=\"article\" \/>\n<meta property=\"og:title\" content=\"Moulin \u00e9lectrique \u00e0 caf\u00e9 et \u00e0 \u00e9pices | KRUPS\" \/>\n<meta property=\"og:description\" content=\"Du caf\u00e9 fra\u00eechement moulu et plus encore Le caf\u00e9 fra\u00eechement moulu est indispensable pour tout amateur de caf\u00e9. Le moulin \u00e0 caf\u00e9 KRUPS assure des r\u00e9sultats parfaits au terme d&#039;un processus des plus faciles, afin d&#039;offrir un parfum riche et une saveur d\u00e9licieuse. Il vous suffit d&#039;y verser des grains entiers, de bien fermer le couvercle et d&#039;appuyer sur un bouton situ\u00e9 sur le c\u00f4t\u00e9 du couvercle. Obtenez un caf\u00e9 parfaitement moulu quel que soit le type de mouture recherch\u00e9, d&#039;ultra-fin \u00e0 grossier, et go\u00fbtez \u00e0 la diff\u00e9rence : un caf\u00e9 riche et aromatique d\u00e9bordant de saveur. En plus des grains de caf\u00e9, ce moulin s\u00e9curitaire et polyvalent peut servir \u00e0 hacher ou \u00e0 moudre des noix, des graines, des herbes et des \u00e9pices - ce qui est parfait pour les salades estivales, les entr\u00e9es raffin\u00e9es et les p\u00e2tisseries d\u00e9licates. Avec sa conception compacte et son allure \u00e9l\u00e9gante, ce moulin \u00e0 caf\u00e9 \u00e9lectrique consistue un ajout utile et pratique \u00e0 toute cuisine.\" \/>\n<meta property=\"og:url\" content=\"https:\/\/krups.ca\/fr\/product\/moulin-electrique-cafe-et-epices\/\" \/>\n<meta property=\"og:site_name\" content=\"KRUPS\" \/>\n<meta property=\"article:modified_time\" content=\"2017-09-13T19:59:54+00:00\" \/>\n<meta property=\"og:image\" content=\"https:\/\/krups.ca\/wp-content\/uploads\/2017\/07\/grinder-sm.jpg\" \/>\n\t<meta property=\"og:image:width\" content=\"450\" \/>\n\t<meta property=\"og:image:height\" content=\"450\" \/>\n\t<meta property=\"og:image:type\" content=\"image\/jpeg\" \/>\n<meta name=\"twitter:card\" content=\"summary_large_image\" \/>\n<script type=\"application\/ld+json\" class=\"yoast-schema-graph\">{\"@context\":\"https:\/\/schema.org\",\"@graph\":[{\"@type\":\"WebPage\",\"@id\":\"https:\/\/krups.ca\/fr\/product\/moulin-electrique-cafe-et-epices\/\",\"url\":\"https:\/\/krups.ca\/fr\/product\/moulin-electrique-cafe-et-epices\/\",\"name\":\"Moulin \u00e9lectrique \u00e0 caf\u00e9 et \u00e0 \u00e9pices | KRUPS\",\"isPartOf\":{\"@id\":\"https:\/\/krups.ca\/#website\"},\"primaryImageOfPage\":{\"@id\":\"https:\/\/krups.ca\/fr\/product\/moulin-electrique-cafe-et-epices\/#primaryimage\"},\"image\":{\"@id\":\"https:\/\/krups.ca\/fr\/product\/moulin-electrique-cafe-et-epices\/#primaryimage\"},\"thumbnailUrl\":\"https:\/\/krups.ca\/wp-content\/uploads\/2017\/07\/grinder-sm.jpg\",\"datePublished\":\"2017-08-04T18:19:03+00:00\",\"dateModified\":\"2017-09-13T19:59:54+00:00\",\"breadcrumb\":{\"@id\":\"https:\/\/krups.ca\/fr\/product\/moulin-electrique-cafe-et-epices\/#breadcrumb\"},\"inLanguage\":\"fr-FR\",\"potentialAction\":[{\"@type\":\"ReadAction\",\"target\":[\"https:\/\/krups.ca\/fr\/product\/moulin-electrique-cafe-et-epices\/\"]}]},{\"@type\":\"ImageObject\",\"inLanguage\":\"fr-FR\",\"@id\":\"https:\/\/krups.ca\/fr\/product\/moulin-electrique-cafe-et-epices\/#primaryimage\",\"url\":\"https:\/\/krups.ca\/wp-content\/uploads\/2017\/07\/grinder-sm.jpg\",\"contentUrl\":\"https:\/\/krups.ca\/wp-content\/uploads\/2017\/07\/grinder-sm.jpg\",\"width\":450,\"height\":450},{\"@type\":\"BreadcrumbList\",\"@id\":\"https:\/\/krups.ca\/fr\/product\/moulin-electrique-cafe-et-epices\/#breadcrumb\",\"itemListElement\":[{\"@type\":\"ListItem\",\"position\":1,\"name\":\"Home\",\"item\":\"https:\/\/krups.ca\/fr\/\"},{\"@type\":\"ListItem\",\"position\":2,\"name\":\"Products\",\"item\":\"https:\/\/krups.ca\/shop\/\"},{\"@type\":\"ListItem\",\"position\":3,\"name\":\"Moulin \u00e9lectrique \u00e0 caf\u00e9 et \u00e0 \u00e9pices\"}]},{\"@type\":\"WebSite\",\"@id\":\"https:\/\/krups.ca\/#website\",\"url\":\"https:\/\/krups.ca\/\",\"name\":\"KRUPS\",\"description\":\"Krups Canada\",\"potentialAction\":[{\"@type\":\"SearchAction\",\"target\":{\"@type\":\"EntryPoint\",\"urlTemplate\":\"https:\/\/krups.ca\/?s={search_term_string}\"},\"query-input\":{\"@type\":\"PropertyValueSpecification\",\"valueRequired\":true,\"valueName\":\"search_term_string\"}}],\"inLanguage\":\"fr-FR\"}]}<\/script>\n<!-- \/ Yoast SEO plugin. -->","yoast_head_json":{"title":"Moulin \u00e9lectrique \u00e0 caf\u00e9 et \u00e0 \u00e9pices | KRUPS","robots":{"index":"index","follow":"follow","max-snippet":"max-snippet:-1","max-image-preview":"max-image-preview:large","max-video-preview":"max-video-preview:-1"},"canonical":"https:\/\/krups.ca\/fr\/product\/moulin-electrique-cafe-et-epices\/","og_locale":"fr_FR","og_type":"article","og_title":"Moulin \u00e9lectrique \u00e0 caf\u00e9 et \u00e0 \u00e9pices | KRUPS","og_description":"Du caf\u00e9 fra\u00eechement moulu et plus encore Le caf\u00e9 fra\u00eechement moulu est indispensable pour tout amateur de caf\u00e9. Le moulin \u00e0 caf\u00e9 KRUPS assure des r\u00e9sultats parfaits au terme d&#039;un processus des plus faciles, afin d&#039;offrir un parfum riche et une saveur d\u00e9licieuse. Il vous suffit d&#039;y verser des grains entiers, de bien fermer le couvercle et d&#039;appuyer sur un bouton situ\u00e9 sur le c\u00f4t\u00e9 du couvercle. Obtenez un caf\u00e9 parfaitement moulu quel que soit le type de mouture recherch\u00e9, d&#039;ultra-fin \u00e0 grossier, et go\u00fbtez \u00e0 la diff\u00e9rence : un caf\u00e9 riche et aromatique d\u00e9bordant de saveur. En plus des grains de caf\u00e9, ce moulin s\u00e9curitaire et polyvalent peut servir \u00e0 hacher ou \u00e0 moudre des noix, des graines, des herbes et des \u00e9pices - ce qui est parfait pour les salades estivales, les entr\u00e9es raffin\u00e9es et les p\u00e2tisseries d\u00e9licates. Avec sa conception compacte et son allure \u00e9l\u00e9gante, ce moulin \u00e0 caf\u00e9 \u00e9lectrique consistue un ajout utile et pratique \u00e0 toute cuisine.","og_url":"https:\/\/krups.ca\/fr\/product\/moulin-electrique-cafe-et-epices\/","og_site_name":"KRUPS","article_modified_time":"2017-09-13T19:59:54+00:00","og_image":[{"width":450,"height":450,"url":"https:\/\/krups.ca\/wp-content\/uploads\/2017\/07\/grinder-sm.jpg","type":"image\/jpeg"}],"twitter_card":"summary_large_image","schema":{"@context":"https:\/\/schema.org","@graph":[{"@type":"WebPage","@id":"https:\/\/krups.ca\/fr\/product\/moulin-electrique-cafe-et-epices\/","url":"https:\/\/krups.ca\/fr\/product\/moulin-electrique-cafe-et-epices\/","name":"Moulin \u00e9lectrique \u00e0 caf\u00e9 et \u00e0 \u00e9pices | KRUPS","isPartOf":{"@id":"https:\/\/krups.ca\/#website"},"primaryImageOfPage":{"@id":"https:\/\/krups.ca\/fr\/product\/moulin-electrique-cafe-et-epices\/#primaryimage"},"image":{"@id":"https:\/\/krups.ca\/fr\/product\/moulin-electrique-cafe-et-epices\/#primaryimage"},"thumbnailUrl":"https:\/\/krups.ca\/wp-content\/uploads\/2017\/07\/grinder-sm.jpg","datePublished":"2017-08-04T18:19:03+00:00","dateModified":"2017-09-13T19:59:54+00:00","breadcrumb":{"@id":"https:\/\/krups.ca\/fr\/product\/moulin-electrique-cafe-et-epices\/#breadcrumb"},"inLanguage":"fr-FR","potentialAction":[{"@type":"ReadAction","target":["https:\/\/krups.ca\/fr\/product\/moulin-electrique-cafe-et-epices\/"]}]},{"@type":"ImageObject","inLanguage":"fr-FR","@id":"https:\/\/krups.ca\/fr\/product\/moulin-electrique-cafe-et-epices\/#primaryimage","url":"https:\/\/krups.ca\/wp-content\/uploads\/2017\/07\/grinder-sm.jpg","contentUrl":"https:\/\/krups.ca\/wp-content\/uploads\/2017\/07\/grinder-sm.jpg","width":450,"height":450},{"@type":"BreadcrumbList","@id":"https:\/\/krups.ca\/fr\/product\/moulin-electrique-cafe-et-epices\/#breadcrumb","itemListElement":[{"@type":"ListItem","position":1,"name":"Home","item":"https:\/\/krups.ca\/fr\/"},{"@type":"ListItem","position":2,"name":"Products","item":"https:\/\/krups.ca\/shop\/"},{"@type":"ListItem","position":3,"name":"Moulin \u00e9lectrique \u00e0 caf\u00e9 et \u00e0 \u00e9pices"}]},{"@type":"WebSite","@id":"https:\/\/krups.ca\/#website","url":"https:\/\/krups.ca\/","name":"KRUPS","description":"Krups Canada","potentialAction":[{"@type":"SearchAction","target":{"@type":"EntryPoint","urlTemplate":"https:\/\/krups.ca\/?s={search_term_string}"},"query-input":{"@type":"PropertyValueSpecification","valueRequired":true,"valueName":"search_term_string"}}],"inLanguage":"fr-FR"}]}},"_links":{"self":[{"href":"https:\/\/krups.ca\/fr\/wp-json\/wp\/v2\/product\/9654","targetHints":{"allow":["GET"]}}],"collection":[{"href":"https:\/\/krups.ca\/fr\/wp-json\/wp\/v2\/product"}],"about":[{"href":"https:\/\/krups.ca\/fr\/wp-json\/wp\/v2\/types\/product"}],"replies":[{"embeddable":true,"href":"https:\/\/krups.ca\/fr\/wp-json\/wp\/v2\/comments?post=9654"}],"wp:featuredmedia":[{"embeddable":true,"href":"https:\/\/krups.ca\/fr\/wp-json\/wp\/v2\/media\/9964"}],"wp:attachment":[{"href":"https:\/\/krups.ca\/fr\/wp-json\/wp\/v2\/media?parent=9654"}],"wp:term":[{"taxonomy":"product_brand","embeddable":true,"href":"https:\/\/krups.ca\/fr\/wp-json\/wp\/v2\/product_brand?post=9654"},{"taxonomy":"product_cat","embeddable":true,"href":"https:\/\/krups.ca\/fr\/wp-json\/wp\/v2\/product_cat?post=9654"},{"taxonomy":"product_tag","embeddable":true,"href":"https:\/\/krups.ca\/fr\/wp-json\/wp\/v2\/product_tag?post=9654"}],"curies":[{"name":"wp","href":"https:\/\/api.w.org\/{rel}","templated":true}]}}