{"id":9679,"date":"2017-08-05T14:21:24","date_gmt":"2017-08-05T14:21:24","guid":{"rendered":"https:\/\/krups.ca\/fr\/?post_type=product&#038;p=9679"},"modified":"2017-09-13T19:53:40","modified_gmt":"2017-09-13T19:53:40","slug":"four-grilloir-convexion-de-luxe","status":"publish","type":"product","link":"https:\/\/krups.ca\/fr\/product\/four-grilloir-convexion-de-luxe\/","title":{"rendered":"FOUR-GRILLOIR \u00c0 CONVEXION DE LUXE"},"content":{"rendered":"<p>Le four-grilloir \u00e0 convection deluxe de Krups offre un temps de chauffage rapide et est dot\u00e9 de fonctions de cuisson turbo et de 8 modes pr\u00e9programm\u00e9s, ce qui rend les op\u00e9rations de grillage rapides et agr\u00e9ables.<\/p>\n","protected":false},"excerpt":{"rendered":"<p>Le four-grilloir \u00e0 convection deluxe de Krups offre un temps de chauffage rapide et est dot\u00e9 de fonctions de cuisson turbo et de 8 modes pr\u00e9programm\u00e9s, ce qui rend les op\u00e9rations de grillage rapides et agr\u00e9ables.<\/p>\n","protected":false},"featured_media":9542,"comment_status":"open","ping_status":"closed","template":"","meta":{"_acf_changed":false},"product_brand":[],"product_cat":[14130],"product_tag":[],"class_list":{"0":"post-9679","1":"product","2":"type-product","3":"status-publish","4":"has-post-thumbnail","6":"product_cat-petits-appareils-pour-la-cuisine","8":"first","9":"instock","10":"shipping-taxable","11":"product-type-simple"},"acf":[],"yoast_head":"<!-- This site is optimized with the Yoast SEO plugin v27.1.1 - https:\/\/yoast.com\/product\/yoast-seo-wordpress\/ -->\n<title>FOUR-GRILLOIR \u00c0 CONVEXION DE LUXE | KRUPS<\/title>\n<meta name=\"robots\" content=\"index, follow, max-snippet:-1, max-image-preview:large, max-video-preview:-1\" \/>\n<link rel=\"canonical\" href=\"https:\/\/krups.ca\/fr\/product\/four-grilloir-convexion-de-luxe\/\" \/>\n<meta property=\"og:locale\" content=\"fr_FR\" \/>\n<meta property=\"og:type\" content=\"article\" \/>\n<meta property=\"og:title\" content=\"FOUR-GRILLOIR \u00c0 CONVEXION DE LUXE | KRUPS\" \/>\n<meta property=\"og:description\" content=\"Le four-grilloir \u00e0 convection deluxe de Krups offre un temps de chauffage rapide et est dot\u00e9 de fonctions de cuisson turbo et de 8 modes pr\u00e9programm\u00e9s, ce qui rend les op\u00e9rations de grillage rapides et agr\u00e9ables.\" \/>\n<meta property=\"og:url\" content=\"https:\/\/krups.ca\/fr\/product\/four-grilloir-convexion-de-luxe\/\" \/>\n<meta property=\"og:site_name\" content=\"KRUPS\" \/>\n<meta property=\"article:modified_time\" content=\"2017-09-13T19:53:40+00:00\" \/>\n<meta property=\"og:image\" content=\"https:\/\/krups.ca\/wp-content\/uploads\/2017\/08\/1-1-2.png\" \/>\n\t<meta property=\"og:image:width\" content=\"700\" \/>\n\t<meta property=\"og:image:height\" content=\"499\" \/>\n\t<meta property=\"og:image:type\" content=\"image\/png\" \/>\n<meta name=\"twitter:card\" content=\"summary_large_image\" \/>\n<script type=\"application\/ld+json\" class=\"yoast-schema-graph\">{\"@context\":\"https:\/\/schema.org\",\"@graph\":[{\"@type\":\"WebPage\",\"@id\":\"https:\/\/krups.ca\/fr\/product\/four-grilloir-convexion-de-luxe\/\",\"url\":\"https:\/\/krups.ca\/fr\/product\/four-grilloir-convexion-de-luxe\/\",\"name\":\"FOUR-GRILLOIR \u00c0 CONVEXION DE LUXE | KRUPS\",\"isPartOf\":{\"@id\":\"https:\/\/krups.ca\/#website\"},\"primaryImageOfPage\":{\"@id\":\"https:\/\/krups.ca\/fr\/product\/four-grilloir-convexion-de-luxe\/#primaryimage\"},\"image\":{\"@id\":\"https:\/\/krups.ca\/fr\/product\/four-grilloir-convexion-de-luxe\/#primaryimage\"},\"thumbnailUrl\":\"https:\/\/krups.ca\/wp-content\/uploads\/2017\/08\/1-1-2.png\",\"datePublished\":\"2017-08-05T14:21:24+00:00\",\"dateModified\":\"2017-09-13T19:53:40+00:00\",\"breadcrumb\":{\"@id\":\"https:\/\/krups.ca\/fr\/product\/four-grilloir-convexion-de-luxe\/#breadcrumb\"},\"inLanguage\":\"fr-FR\",\"potentialAction\":[{\"@type\":\"ReadAction\",\"target\":[\"https:\/\/krups.ca\/fr\/product\/four-grilloir-convexion-de-luxe\/\"]}]},{\"@type\":\"ImageObject\",\"inLanguage\":\"fr-FR\",\"@id\":\"https:\/\/krups.ca\/fr\/product\/four-grilloir-convexion-de-luxe\/#primaryimage\",\"url\":\"https:\/\/krups.ca\/wp-content\/uploads\/2017\/08\/1-1-2.png\",\"contentUrl\":\"https:\/\/krups.ca\/wp-content\/uploads\/2017\/08\/1-1-2.png\",\"width\":700,\"height\":499},{\"@type\":\"BreadcrumbList\",\"@id\":\"https:\/\/krups.ca\/fr\/product\/four-grilloir-convexion-de-luxe\/#breadcrumb\",\"itemListElement\":[{\"@type\":\"ListItem\",\"position\":1,\"name\":\"Home\",\"item\":\"https:\/\/krups.ca\/fr\/\"},{\"@type\":\"ListItem\",\"position\":2,\"name\":\"Products\",\"item\":\"https:\/\/krups.ca\/shop\/\"},{\"@type\":\"ListItem\",\"position\":3,\"name\":\"FOUR-GRILLOIR \u00c0 CONVEXION DE LUXE\"}]},{\"@type\":\"WebSite\",\"@id\":\"https:\/\/krups.ca\/#website\",\"url\":\"https:\/\/krups.ca\/\",\"name\":\"KRUPS\",\"description\":\"Krups Canada\",\"potentialAction\":[{\"@type\":\"SearchAction\",\"target\":{\"@type\":\"EntryPoint\",\"urlTemplate\":\"https:\/\/krups.ca\/?s={search_term_string}\"},\"query-input\":{\"@type\":\"PropertyValueSpecification\",\"valueRequired\":true,\"valueName\":\"search_term_string\"}}],\"inLanguage\":\"fr-FR\"}]}<\/script>\n<!-- \/ Yoast SEO plugin. -->","yoast_head_json":{"title":"FOUR-GRILLOIR \u00c0 CONVEXION DE LUXE | KRUPS","robots":{"index":"index","follow":"follow","max-snippet":"max-snippet:-1","max-image-preview":"max-image-preview:large","max-video-preview":"max-video-preview:-1"},"canonical":"https:\/\/krups.ca\/fr\/product\/four-grilloir-convexion-de-luxe\/","og_locale":"fr_FR","og_type":"article","og_title":"FOUR-GRILLOIR \u00c0 CONVEXION DE LUXE | KRUPS","og_description":"Le four-grilloir \u00e0 convection deluxe de Krups offre un temps de chauffage rapide et est dot\u00e9 de fonctions de cuisson turbo et de 8 modes pr\u00e9programm\u00e9s, ce qui rend les op\u00e9rations de grillage rapides et agr\u00e9ables.","og_url":"https:\/\/krups.ca\/fr\/product\/four-grilloir-convexion-de-luxe\/","og_site_name":"KRUPS","article_modified_time":"2017-09-13T19:53:40+00:00","og_image":[{"width":700,"height":499,"url":"https:\/\/krups.ca\/wp-content\/uploads\/2017\/08\/1-1-2.png","type":"image\/png"}],"twitter_card":"summary_large_image","schema":{"@context":"https:\/\/schema.org","@graph":[{"@type":"WebPage","@id":"https:\/\/krups.ca\/fr\/product\/four-grilloir-convexion-de-luxe\/","url":"https:\/\/krups.ca\/fr\/product\/four-grilloir-convexion-de-luxe\/","name":"FOUR-GRILLOIR \u00c0 CONVEXION DE LUXE | KRUPS","isPartOf":{"@id":"https:\/\/krups.ca\/#website"},"primaryImageOfPage":{"@id":"https:\/\/krups.ca\/fr\/product\/four-grilloir-convexion-de-luxe\/#primaryimage"},"image":{"@id":"https:\/\/krups.ca\/fr\/product\/four-grilloir-convexion-de-luxe\/#primaryimage"},"thumbnailUrl":"https:\/\/krups.ca\/wp-content\/uploads\/2017\/08\/1-1-2.png","datePublished":"2017-08-05T14:21:24+00:00","dateModified":"2017-09-13T19:53:40+00:00","breadcrumb":{"@id":"https:\/\/krups.ca\/fr\/product\/four-grilloir-convexion-de-luxe\/#breadcrumb"},"inLanguage":"fr-FR","potentialAction":[{"@type":"ReadAction","target":["https:\/\/krups.ca\/fr\/product\/four-grilloir-convexion-de-luxe\/"]}]},{"@type":"ImageObject","inLanguage":"fr-FR","@id":"https:\/\/krups.ca\/fr\/product\/four-grilloir-convexion-de-luxe\/#primaryimage","url":"https:\/\/krups.ca\/wp-content\/uploads\/2017\/08\/1-1-2.png","contentUrl":"https:\/\/krups.ca\/wp-content\/uploads\/2017\/08\/1-1-2.png","width":700,"height":499},{"@type":"BreadcrumbList","@id":"https:\/\/krups.ca\/fr\/product\/four-grilloir-convexion-de-luxe\/#breadcrumb","itemListElement":[{"@type":"ListItem","position":1,"name":"Home","item":"https:\/\/krups.ca\/fr\/"},{"@type":"ListItem","position":2,"name":"Products","item":"https:\/\/krups.ca\/shop\/"},{"@type":"ListItem","position":3,"name":"FOUR-GRILLOIR \u00c0 CONVEXION DE LUXE"}]},{"@type":"WebSite","@id":"https:\/\/krups.ca\/#website","url":"https:\/\/krups.ca\/","name":"KRUPS","description":"Krups Canada","potentialAction":[{"@type":"SearchAction","target":{"@type":"EntryPoint","urlTemplate":"https:\/\/krups.ca\/?s={search_term_string}"},"query-input":{"@type":"PropertyValueSpecification","valueRequired":true,"valueName":"search_term_string"}}],"inLanguage":"fr-FR"}]}},"_links":{"self":[{"href":"https:\/\/krups.ca\/fr\/wp-json\/wp\/v2\/product\/9679","targetHints":{"allow":["GET"]}}],"collection":[{"href":"https:\/\/krups.ca\/fr\/wp-json\/wp\/v2\/product"}],"about":[{"href":"https:\/\/krups.ca\/fr\/wp-json\/wp\/v2\/types\/product"}],"replies":[{"embeddable":true,"href":"https:\/\/krups.ca\/fr\/wp-json\/wp\/v2\/comments?post=9679"}],"wp:featuredmedia":[{"embeddable":true,"href":"https:\/\/krups.ca\/fr\/wp-json\/wp\/v2\/media\/9542"}],"wp:attachment":[{"href":"https:\/\/krups.ca\/fr\/wp-json\/wp\/v2\/media?parent=9679"}],"wp:term":[{"taxonomy":"product_brand","embeddable":true,"href":"https:\/\/krups.ca\/fr\/wp-json\/wp\/v2\/product_brand?post=9679"},{"taxonomy":"product_cat","embeddable":true,"href":"https:\/\/krups.ca\/fr\/wp-json\/wp\/v2\/product_cat?post=9679"},{"taxonomy":"product_tag","embeddable":true,"href":"https:\/\/krups.ca\/fr\/wp-json\/wp\/v2\/product_tag?post=9679"}],"curies":[{"name":"wp","href":"https:\/\/api.w.org\/{rel}","templated":true}]}}