{"id":9714,"date":"2017-08-05T16:20:23","date_gmt":"2017-08-05T16:20:23","guid":{"rendered":"https:\/\/krups.ca\/fr\/?post_type=product&#038;p=9714"},"modified":"2017-09-13T19:56:16","modified_gmt":"2017-09-13T19:56:16","slug":"cafetiere-programmable-savoy-digitale-noire-de-12-tasses","status":"publish","type":"product","link":"https:\/\/krups.ca\/fr\/product\/cafetiere-programmable-savoy-digitale-noire-de-12-tasses\/","title":{"rendered":"CAFETI\u00c8RE PROGRAMMABLE SAVOY DIGITALE NOIRE DE 12 TASSES"},"content":{"rendered":"<p>Moulez jusqu&rsquo;\u00e0 12 tasses de caf\u00e9 d\u00e9licieux gr\u00e2ce \u00e0 la cafeti\u00e8re programmable Savoy EC311050 de KRUPS. Son \u00e9cran digital tr\u00e8s lisible et son panneau de commande intuitif vous permettent de programmer facilement l&rsquo;horloge et le d\u00e9marrage automatique.<\/p>\n","protected":false},"excerpt":{"rendered":"<p><span style=\"color: #f18031; font-size: 24px; font-family: Libre Baskerville;\"><em>La pr\u00e9paration d\u2019un caf\u00e9 riche et aromatique rendue facile<\/em><\/span><br \/>\nPr\u00e9parez jusqu\u2019\u00e0 12 tasses d\u2019un caf\u00e9 d\u00e9licieux avec la cafeti\u00e8re programmable Savoy EC311050 de KRUPS. Son \u00e9cran digital tr\u00e8s lisible et son panneau de commande intuitif vous permettent de programmer facilement votre horloge et le d\u00e9marrage automatique. Vous pouvez d\u00e9sormais vous r\u00e9veiller en respirant le parfum du caf\u00e9 fra\u00eechement pr\u00e9par\u00e9 ou avoir du caf\u00e9 tout pr\u00eat lorsque vous recevez des invit\u00e9s. Con\u00e7ue de fa\u00e7on ing\u00e9nieuse, la cafeti\u00e8re est \u00e9galement dot\u00e9e d\u2019une fonction \u00ab\u00a0Pause et service\u00a0\u00bb qui vous permet de retirer la carafe en tout temps pour profiter rapidement d\u2019une tasse pendant l\u2019infusion. Vous pouvez aussi appr\u00e9ciez la fonction \u00ab\u00a0Maintien au chaud\u00a0\u00bb automatique, qui permet de gard\u00e9 le caf\u00e9 \u00e0 la temp\u00e9rature id\u00e9ale pendant deux heures. Une carafe en verre est \u00e9galement incluse, dot\u00e9e d\u2019une grande poign\u00e9e thermo-isolante assurant un service \u00e9l\u00e9gant. Parmi ses autres caract\u00e9ristiques, citons son indicateur frontal de niveau d\u2019eau et son filtre de ton or (aucun filtre en papier n\u00e9cessaire), pour pr\u00e9parer un d\u00e9licieux caf\u00e9 servi \u00e0 la temp\u00e9rature optimale. La cafeti\u00e8re Savoy EC311050 de KRUPS rend la pr\u00e9paration d\u2019un caf\u00e9 chaud, cors\u00e9 et savoureux, facile chaque fois. Pr\u00e9parez-vous \u00e0 savourer votre journ\u00e9e.<\/p>\n","protected":false},"featured_media":9817,"comment_status":"open","ping_status":"closed","template":"","meta":{"_acf_changed":false},"product_brand":[],"product_cat":[14133],"product_tag":[],"class_list":{"0":"post-9714","1":"product","2":"type-product","3":"status-publish","4":"has-post-thumbnail","6":"product_cat-machines-a-cafe","8":"first","9":"instock","10":"shipping-taxable","11":"product-type-simple"},"acf":[],"yoast_head":"<!-- This site is optimized with the Yoast SEO plugin v27.1.1 - https:\/\/yoast.com\/product\/yoast-seo-wordpress\/ -->\n<title>CAFETI\u00c8RE PROGRAMMABLE SAVOY DIGITALE NOIRE DE 12 TASSES | KRUPS<\/title>\n<meta name=\"robots\" content=\"index, follow, max-snippet:-1, max-image-preview:large, max-video-preview:-1\" \/>\n<link rel=\"canonical\" href=\"https:\/\/krups.ca\/fr\/product\/cafetiere-programmable-savoy-digitale-noire-de-12-tasses\/\" \/>\n<meta property=\"og:locale\" content=\"fr_FR\" \/>\n<meta property=\"og:type\" content=\"article\" \/>\n<meta property=\"og:title\" content=\"CAFETI\u00c8RE PROGRAMMABLE SAVOY DIGITALE NOIRE DE 12 TASSES | KRUPS\" \/>\n<meta property=\"og:description\" content=\"La pr\u00e9paration d\u2019un caf\u00e9 riche et aromatique rendue facile Pr\u00e9parez jusqu\u2019\u00e0 12 tasses d\u2019un caf\u00e9 d\u00e9licieux avec la cafeti\u00e8re programmable Savoy EC311050 de KRUPS. Son \u00e9cran digital tr\u00e8s lisible et son panneau de commande intuitif vous permettent de programmer facilement votre horloge et le d\u00e9marrage automatique. Vous pouvez d\u00e9sormais vous r\u00e9veiller en respirant le parfum du caf\u00e9 fra\u00eechement pr\u00e9par\u00e9 ou avoir du caf\u00e9 tout pr\u00eat lorsque vous recevez des invit\u00e9s. Con\u00e7ue de fa\u00e7on ing\u00e9nieuse, la cafeti\u00e8re est \u00e9galement dot\u00e9e d\u2019une fonction \u00ab\u00a0Pause et service\u00a0\u00bb qui vous permet de retirer la carafe en tout temps pour profiter rapidement d\u2019une tasse pendant l\u2019infusion. Vous pouvez aussi appr\u00e9ciez la fonction \u00ab\u00a0Maintien au chaud\u00a0\u00bb automatique, qui permet de gard\u00e9 le caf\u00e9 \u00e0 la temp\u00e9rature id\u00e9ale pendant deux heures. Une carafe en verre est \u00e9galement incluse, dot\u00e9e d\u2019une grande poign\u00e9e thermo-isolante assurant un service \u00e9l\u00e9gant. Parmi ses autres caract\u00e9ristiques, citons son indicateur frontal de niveau d\u2019eau et son filtre de ton or (aucun filtre en papier n\u00e9cessaire), pour pr\u00e9parer un d\u00e9licieux caf\u00e9 servi \u00e0 la temp\u00e9rature optimale. La cafeti\u00e8re Savoy EC311050 de KRUPS rend la pr\u00e9paration d\u2019un caf\u00e9 chaud, cors\u00e9 et savoureux, facile chaque fois. Pr\u00e9parez-vous \u00e0 savourer votre journ\u00e9e.\" \/>\n<meta property=\"og:url\" content=\"https:\/\/krups.ca\/fr\/product\/cafetiere-programmable-savoy-digitale-noire-de-12-tasses\/\" \/>\n<meta property=\"og:site_name\" content=\"KRUPS\" \/>\n<meta property=\"article:modified_time\" content=\"2017-09-13T19:56:16+00:00\" \/>\n<meta property=\"og:image\" content=\"https:\/\/krups.ca\/wp-content\/uploads\/2017\/08\/Savouy_Frontfacing-sm.jpg\" \/>\n\t<meta property=\"og:image:width\" content=\"500\" \/>\n\t<meta property=\"og:image:height\" content=\"749\" \/>\n\t<meta property=\"og:image:type\" content=\"image\/jpeg\" \/>\n<meta name=\"twitter:card\" content=\"summary_large_image\" \/>\n<script type=\"application\/ld+json\" class=\"yoast-schema-graph\">{\"@context\":\"https:\/\/schema.org\",\"@graph\":[{\"@type\":\"WebPage\",\"@id\":\"https:\/\/krups.ca\/fr\/product\/cafetiere-programmable-savoy-digitale-noire-de-12-tasses\/\",\"url\":\"https:\/\/krups.ca\/fr\/product\/cafetiere-programmable-savoy-digitale-noire-de-12-tasses\/\",\"name\":\"CAFETI\u00c8RE PROGRAMMABLE SAVOY DIGITALE NOIRE DE 12 TASSES | KRUPS\",\"isPartOf\":{\"@id\":\"https:\/\/krups.ca\/#website\"},\"primaryImageOfPage\":{\"@id\":\"https:\/\/krups.ca\/fr\/product\/cafetiere-programmable-savoy-digitale-noire-de-12-tasses\/#primaryimage\"},\"image\":{\"@id\":\"https:\/\/krups.ca\/fr\/product\/cafetiere-programmable-savoy-digitale-noire-de-12-tasses\/#primaryimage\"},\"thumbnailUrl\":\"https:\/\/krups.ca\/wp-content\/uploads\/2017\/08\/Savouy_Frontfacing-sm.jpg\",\"datePublished\":\"2017-08-05T16:20:23+00:00\",\"dateModified\":\"2017-09-13T19:56:16+00:00\",\"breadcrumb\":{\"@id\":\"https:\/\/krups.ca\/fr\/product\/cafetiere-programmable-savoy-digitale-noire-de-12-tasses\/#breadcrumb\"},\"inLanguage\":\"fr-FR\",\"potentialAction\":[{\"@type\":\"ReadAction\",\"target\":[\"https:\/\/krups.ca\/fr\/product\/cafetiere-programmable-savoy-digitale-noire-de-12-tasses\/\"]}]},{\"@type\":\"ImageObject\",\"inLanguage\":\"fr-FR\",\"@id\":\"https:\/\/krups.ca\/fr\/product\/cafetiere-programmable-savoy-digitale-noire-de-12-tasses\/#primaryimage\",\"url\":\"https:\/\/krups.ca\/wp-content\/uploads\/2017\/08\/Savouy_Frontfacing-sm.jpg\",\"contentUrl\":\"https:\/\/krups.ca\/wp-content\/uploads\/2017\/08\/Savouy_Frontfacing-sm.jpg\",\"width\":500,\"height\":749},{\"@type\":\"BreadcrumbList\",\"@id\":\"https:\/\/krups.ca\/fr\/product\/cafetiere-programmable-savoy-digitale-noire-de-12-tasses\/#breadcrumb\",\"itemListElement\":[{\"@type\":\"ListItem\",\"position\":1,\"name\":\"Home\",\"item\":\"https:\/\/krups.ca\/fr\/\"},{\"@type\":\"ListItem\",\"position\":2,\"name\":\"Products\",\"item\":\"https:\/\/krups.ca\/shop\/\"},{\"@type\":\"ListItem\",\"position\":3,\"name\":\"CAFETI\u00c8RE PROGRAMMABLE SAVOY DIGITALE NOIRE DE 12 TASSES\"}]},{\"@type\":\"WebSite\",\"@id\":\"https:\/\/krups.ca\/#website\",\"url\":\"https:\/\/krups.ca\/\",\"name\":\"KRUPS\",\"description\":\"Krups Canada\",\"potentialAction\":[{\"@type\":\"SearchAction\",\"target\":{\"@type\":\"EntryPoint\",\"urlTemplate\":\"https:\/\/krups.ca\/?s={search_term_string}\"},\"query-input\":{\"@type\":\"PropertyValueSpecification\",\"valueRequired\":true,\"valueName\":\"search_term_string\"}}],\"inLanguage\":\"fr-FR\"}]}<\/script>\n<!-- \/ Yoast SEO plugin. -->","yoast_head_json":{"title":"CAFETI\u00c8RE PROGRAMMABLE SAVOY DIGITALE NOIRE DE 12 TASSES | KRUPS","robots":{"index":"index","follow":"follow","max-snippet":"max-snippet:-1","max-image-preview":"max-image-preview:large","max-video-preview":"max-video-preview:-1"},"canonical":"https:\/\/krups.ca\/fr\/product\/cafetiere-programmable-savoy-digitale-noire-de-12-tasses\/","og_locale":"fr_FR","og_type":"article","og_title":"CAFETI\u00c8RE PROGRAMMABLE SAVOY DIGITALE NOIRE DE 12 TASSES | KRUPS","og_description":"La pr\u00e9paration d\u2019un caf\u00e9 riche et aromatique rendue facile Pr\u00e9parez jusqu\u2019\u00e0 12 tasses d\u2019un caf\u00e9 d\u00e9licieux avec la cafeti\u00e8re programmable Savoy EC311050 de KRUPS. Son \u00e9cran digital tr\u00e8s lisible et son panneau de commande intuitif vous permettent de programmer facilement votre horloge et le d\u00e9marrage automatique. Vous pouvez d\u00e9sormais vous r\u00e9veiller en respirant le parfum du caf\u00e9 fra\u00eechement pr\u00e9par\u00e9 ou avoir du caf\u00e9 tout pr\u00eat lorsque vous recevez des invit\u00e9s. Con\u00e7ue de fa\u00e7on ing\u00e9nieuse, la cafeti\u00e8re est \u00e9galement dot\u00e9e d\u2019une fonction \u00ab\u00a0Pause et service\u00a0\u00bb qui vous permet de retirer la carafe en tout temps pour profiter rapidement d\u2019une tasse pendant l\u2019infusion. Vous pouvez aussi appr\u00e9ciez la fonction \u00ab\u00a0Maintien au chaud\u00a0\u00bb automatique, qui permet de gard\u00e9 le caf\u00e9 \u00e0 la temp\u00e9rature id\u00e9ale pendant deux heures. Une carafe en verre est \u00e9galement incluse, dot\u00e9e d\u2019une grande poign\u00e9e thermo-isolante assurant un service \u00e9l\u00e9gant. Parmi ses autres caract\u00e9ristiques, citons son indicateur frontal de niveau d\u2019eau et son filtre de ton or (aucun filtre en papier n\u00e9cessaire), pour pr\u00e9parer un d\u00e9licieux caf\u00e9 servi \u00e0 la temp\u00e9rature optimale. La cafeti\u00e8re Savoy EC311050 de KRUPS rend la pr\u00e9paration d\u2019un caf\u00e9 chaud, cors\u00e9 et savoureux, facile chaque fois. Pr\u00e9parez-vous \u00e0 savourer votre journ\u00e9e.","og_url":"https:\/\/krups.ca\/fr\/product\/cafetiere-programmable-savoy-digitale-noire-de-12-tasses\/","og_site_name":"KRUPS","article_modified_time":"2017-09-13T19:56:16+00:00","og_image":[{"width":500,"height":749,"url":"https:\/\/krups.ca\/wp-content\/uploads\/2017\/08\/Savouy_Frontfacing-sm.jpg","type":"image\/jpeg"}],"twitter_card":"summary_large_image","schema":{"@context":"https:\/\/schema.org","@graph":[{"@type":"WebPage","@id":"https:\/\/krups.ca\/fr\/product\/cafetiere-programmable-savoy-digitale-noire-de-12-tasses\/","url":"https:\/\/krups.ca\/fr\/product\/cafetiere-programmable-savoy-digitale-noire-de-12-tasses\/","name":"CAFETI\u00c8RE PROGRAMMABLE SAVOY DIGITALE NOIRE DE 12 TASSES | KRUPS","isPartOf":{"@id":"https:\/\/krups.ca\/#website"},"primaryImageOfPage":{"@id":"https:\/\/krups.ca\/fr\/product\/cafetiere-programmable-savoy-digitale-noire-de-12-tasses\/#primaryimage"},"image":{"@id":"https:\/\/krups.ca\/fr\/product\/cafetiere-programmable-savoy-digitale-noire-de-12-tasses\/#primaryimage"},"thumbnailUrl":"https:\/\/krups.ca\/wp-content\/uploads\/2017\/08\/Savouy_Frontfacing-sm.jpg","datePublished":"2017-08-05T16:20:23+00:00","dateModified":"2017-09-13T19:56:16+00:00","breadcrumb":{"@id":"https:\/\/krups.ca\/fr\/product\/cafetiere-programmable-savoy-digitale-noire-de-12-tasses\/#breadcrumb"},"inLanguage":"fr-FR","potentialAction":[{"@type":"ReadAction","target":["https:\/\/krups.ca\/fr\/product\/cafetiere-programmable-savoy-digitale-noire-de-12-tasses\/"]}]},{"@type":"ImageObject","inLanguage":"fr-FR","@id":"https:\/\/krups.ca\/fr\/product\/cafetiere-programmable-savoy-digitale-noire-de-12-tasses\/#primaryimage","url":"https:\/\/krups.ca\/wp-content\/uploads\/2017\/08\/Savouy_Frontfacing-sm.jpg","contentUrl":"https:\/\/krups.ca\/wp-content\/uploads\/2017\/08\/Savouy_Frontfacing-sm.jpg","width":500,"height":749},{"@type":"BreadcrumbList","@id":"https:\/\/krups.ca\/fr\/product\/cafetiere-programmable-savoy-digitale-noire-de-12-tasses\/#breadcrumb","itemListElement":[{"@type":"ListItem","position":1,"name":"Home","item":"https:\/\/krups.ca\/fr\/"},{"@type":"ListItem","position":2,"name":"Products","item":"https:\/\/krups.ca\/shop\/"},{"@type":"ListItem","position":3,"name":"CAFETI\u00c8RE PROGRAMMABLE SAVOY DIGITALE NOIRE DE 12 TASSES"}]},{"@type":"WebSite","@id":"https:\/\/krups.ca\/#website","url":"https:\/\/krups.ca\/","name":"KRUPS","description":"Krups Canada","potentialAction":[{"@type":"SearchAction","target":{"@type":"EntryPoint","urlTemplate":"https:\/\/krups.ca\/?s={search_term_string}"},"query-input":{"@type":"PropertyValueSpecification","valueRequired":true,"valueName":"search_term_string"}}],"inLanguage":"fr-FR"}]}},"_links":{"self":[{"href":"https:\/\/krups.ca\/fr\/wp-json\/wp\/v2\/product\/9714","targetHints":{"allow":["GET"]}}],"collection":[{"href":"https:\/\/krups.ca\/fr\/wp-json\/wp\/v2\/product"}],"about":[{"href":"https:\/\/krups.ca\/fr\/wp-json\/wp\/v2\/types\/product"}],"replies":[{"embeddable":true,"href":"https:\/\/krups.ca\/fr\/wp-json\/wp\/v2\/comments?post=9714"}],"wp:featuredmedia":[{"embeddable":true,"href":"https:\/\/krups.ca\/fr\/wp-json\/wp\/v2\/media\/9817"}],"wp:attachment":[{"href":"https:\/\/krups.ca\/fr\/wp-json\/wp\/v2\/media?parent=9714"}],"wp:term":[{"taxonomy":"product_brand","embeddable":true,"href":"https:\/\/krups.ca\/fr\/wp-json\/wp\/v2\/product_brand?post=9714"},{"taxonomy":"product_cat","embeddable":true,"href":"https:\/\/krups.ca\/fr\/wp-json\/wp\/v2\/product_cat?post=9714"},{"taxonomy":"product_tag","embeddable":true,"href":"https:\/\/krups.ca\/fr\/wp-json\/wp\/v2\/product_tag?post=9714"}],"curies":[{"name":"wp","href":"https:\/\/api.w.org\/{rel}","templated":true}]}}